{"id":628,"date":"2025-02-27T12:03:33","date_gmt":"2025-02-27T11:03:33","guid":{"rendered":"http:\/\/tecnoimpianti-riccione.local\/?page_id=628"},"modified":"2026-04-23T09:44:37","modified_gmt":"2026-04-23T07:44:37","slug":"progettazione","status":"publish","type":"page","link":"https:\/\/www.tecnoimpianti-riccione.com\/it\/en\/progettazione\/","title":{"rendered":"Design"},"content":{"rendered":"<div data-elementor-type=\"wp-page\" data-elementor-id=\"628\" class=\"elementor elementor-628\" data-elementor-post-type=\"page\">\n\t\t\t\t<div class=\"elementor-element elementor-element-3089b36d e-flex e-con-boxed wpr-particle-no wpr-jarallax-no wpr-parallax-no wpr-sticky-section-no wpr-column-slider-no wpr-equal-height-no e-con e-parent\" data-id=\"3089b36d\" data-element_type=\"container\" data-e-type=\"container\">\n\t\t\t\t\t<div class=\"e-con-inner\">\n\t\t\t\t<div class=\"elementor-element elementor-element-5f6b1f32 elementor-widget elementor-widget-heading\" data-id=\"5f6b1f32\" data-element_type=\"widget\" data-e-type=\"widget\" data-widget_type=\"heading.default\">\n\t\t\t\t<div class=\"elementor-widget-container\">\n\t\t\t\t\t<h3 class=\"elementor-heading-title elementor-size-default\">Hai bisogno di una soluzione personalizzata?<\/h3>\t\t\t\t<\/div>\n\t\t\t\t<\/div>\n\t\t\t\t<div class=\"elementor-element elementor-element-71e61903 elementor-widget elementor-widget-heading\" data-id=\"71e61903\" data-element_type=\"widget\" data-e-type=\"widget\" data-widget_type=\"heading.default\">\n\t\t\t\t<div class=\"elementor-widget-container\">\n\t\t\t\t\t<h5 class=\"elementor-heading-title elementor-size-default\">Contattaci ora per una consulenza senza impegno!<\/h5>\t\t\t\t<\/div>\n\t\t\t\t<\/div>\n\t\t\t\t<div class=\"elementor-element elementor-element-2ee8b9b9 elementor-align-center elementor-widget elementor-widget-button\" data-id=\"2ee8b9b9\" data-element_type=\"widget\" data-e-type=\"widget\" data-widget_type=\"button.default\">\n\t\t\t\t<div class=\"elementor-widget-container\">\n\t\t\t\t\t\t\t\t\t<div class=\"elementor-button-wrapper\">\n\t\t\t\t\t<a class=\"elementor-button elementor-button-link elementor-size-sm\" href=\"https:\/\/www.tecnoimpianti-riccione.com\/it\/en\/contatti\/\">\n\t\t\t\t\t\t<span class=\"elementor-button-content-wrapper\">\n\t\t\t\t\t\t\t\t\t<span class=\"elementor-button-text\">Contact Us<\/span>\n\t\t\t\t\t<\/span>\n\t\t\t\t\t<\/a>\n\t\t\t\t<\/div>\n\t\t\t\t\t\t\t\t<\/div>\n\t\t\t\t<\/div>\n\t\t\t\t\t<\/div>\n\t\t\t\t<\/div>\n\t\t<div class=\"elementor-element elementor-element-7a44fbb1 e-flex e-con-boxed wpr-particle-no wpr-jarallax-no wpr-parallax-no wpr-sticky-section-no wpr-column-slider-no wpr-equal-height-no e-con e-parent\" data-id=\"7a44fbb1\" data-element_type=\"container\" data-e-type=\"container\">\n\t\t\t\t\t<div class=\"e-con-inner\">\n\t\t<div class=\"elementor-element elementor-element-76ed060e e-con-full e-flex wpr-particle-no wpr-jarallax-no wpr-parallax-no wpr-sticky-section-no wpr-column-slider-no wpr-equal-height-no e-con e-child\" data-id=\"76ed060e\" data-element_type=\"container\" data-e-type=\"container\">\n\t\t\t\t<div class=\"elementor-element elementor-element-73bc8779 elementor-invisible elementor-widget elementor-widget-heading\" data-id=\"73bc8779\" data-element_type=\"widget\" data-e-type=\"widget\" data-settings=\"{&quot;_animation&quot;:&quot;fadeIn&quot;}\" data-widget_type=\"heading.default\">\n\t\t\t\t<div class=\"elementor-widget-container\">\n\t\t\t\t\t<h2 class=\"elementor-heading-title elementor-size-default\">Progettazione su misura<\/h2>\t\t\t\t<\/div>\n\t\t\t\t<\/div>\n\t\t\t\t<div class=\"elementor-element elementor-element-1ca15cec elementor-invisible elementor-widget elementor-widget-text-editor\" data-id=\"1ca15cec\" data-element_type=\"widget\" data-e-type=\"widget\" data-settings=\"{&quot;_animation&quot;:&quot;fadeIn&quot;,&quot;_animation_delay&quot;:200}\" data-widget_type=\"text-editor.default\">\n\t\t\t\t<div class=\"elementor-widget-container\">\n\t\t\t\t\t\t\t\t\t<p>Da oltre 30 anni progettiamo e realizziamo impianti personalizzati per l\u2019industria ittica e l\u2019arredo pescherie, unendo esperienza tecnica e attenzione alle esigenze specifiche di ogni cliente.<\/p><h5><strong>Il nostro processo di progettazione<\/strong><\/h5><h6><strong>Studio di fattibilit\u00e0<br \/><\/strong>Analizziamo dettagliatamente le esigenze specifiche, ambientali e produttive.<\/h6><h6><strong>Progettazione tecnica personalizzata<br \/><\/strong>Creiamo soluzioni tecniche e di design su misura, curando ogni dettaglio.<\/h6><h6><strong>Proposte multiple<br \/><\/strong>Presentiamo pi\u00f9 opzioni tra cui scegliere, bilanciando spazio, budget e funzionalit\u00e0.<\/h6><h6><strong>Innovazione e qualit\u00e0<br \/><\/strong>Investiamo in tecnologie avanzate e design all\u2019avanguardia per garantire impianti performanti e duraturi.<\/h6>\t\t\t\t\t\t\t\t<\/div>\n\t\t\t\t<\/div>\n\t\t\t\t<\/div>\n\t\t<div class=\"elementor-element elementor-element-4fe796fe e-con-full e-flex wpr-particle-no wpr-jarallax-no wpr-parallax-no wpr-sticky-section-no wpr-column-slider-no wpr-equal-height-no e-con e-child\" data-id=\"4fe796fe\" data-element_type=\"container\" data-e-type=\"container\" data-settings=\"{&quot;background_background&quot;:&quot;classic&quot;}\">\n\t\t\t\t<div class=\"elementor-element elementor-element-a3b47b7 elementor-widget elementor-widget-wpr-before-after\" data-id=\"a3b47b7\" data-element_type=\"widget\" data-e-type=\"widget\" data-widget_type=\"wpr-before-after.default\">\n\t\t\t\t<div class=\"elementor-widget-container\">\n\t\t\t\t\t<div class=\"wpr-ba-image-container wpr-ba-horizontal wpr-ba-labels-default\" data-position=\"50\" data-trigger=\"drag\"><div class=\"wpr-ba-image-1\"><img decoding=\"async\" src=\"https:\/\/www.tecnoimpianti-riccione.com\/wp-content\/uploads\/2026\/04\/after_pro-1.png\"><\/div><div class=\"wpr-ba-image-2\"><img decoding=\"async\" src=\"https:\/\/www.tecnoimpianti-riccione.com\/wp-content\/uploads\/2026\/04\/before_center.png\"><\/div><div class=\"wpr-ba-divider\"><div class=\"wpr-ba-divider-icons\"><i class=\"fa fa-angle-left\"><\/i><i class=\"fa fa-angle-right\"><\/i><\/div><\/div><div class=\"wpr-ba-label wpr-ba-label-1\"><div>Design<\/div><\/div><div class=\"wpr-ba-label wpr-ba-label-2\"><div>Realizzazione<\/div><\/div><\/div>\t\t\t\t<\/div>\n\t\t\t\t<\/div>\n\t\t\t\t<\/div>\n\t\t\t\t\t<\/div>\n\t\t\t\t<\/div>\n\t\t<div class=\"elementor-element elementor-element-751c2ca e-flex e-con-boxed wpr-particle-no wpr-jarallax-no wpr-parallax-no wpr-sticky-section-no wpr-column-slider-no wpr-equal-height-no e-con e-parent\" data-id=\"751c2ca\" data-element_type=\"container\" data-e-type=\"container\">\n\t\t\t\t\t<div class=\"e-con-inner\">\n\t\t<div class=\"elementor-element elementor-element-57ad9e1 e-con-full e-flex wpr-particle-no wpr-jarallax-no wpr-parallax-no wpr-sticky-section-no wpr-column-slider-no wpr-equal-height-no e-con e-child\" data-id=\"57ad9e1\" data-element_type=\"container\" data-e-type=\"container\" data-settings=\"{&quot;background_background&quot;:&quot;classic&quot;}\">\n\t\t\t\t<div class=\"elementor-element elementor-element-d4210e1 elementor-widget elementor-widget-wpr-before-after\" data-id=\"d4210e1\" data-element_type=\"widget\" data-e-type=\"widget\" data-widget_type=\"wpr-before-after.default\">\n\t\t\t\t<div class=\"elementor-widget-container\">\n\t\t\t\t\t<div class=\"wpr-ba-image-container wpr-ba-horizontal wpr-ba-labels-default\" data-position=\"50\" data-trigger=\"drag\"><div class=\"wpr-ba-image-1\"><img decoding=\"async\" src=\"https:\/\/www.tecnoimpianti-riccione.com\/wp-content\/uploads\/2026\/04\/aligned1.jpg\"><\/div><div class=\"wpr-ba-image-2\"><img decoding=\"async\" src=\"https:\/\/www.tecnoimpianti-riccione.com\/wp-content\/uploads\/2026\/04\/1-impianti-per-crostacei-vivi.jpg\"><\/div><div class=\"wpr-ba-divider\"><div class=\"wpr-ba-divider-icons\"><i class=\"fa fa-angle-left\"><\/i><i class=\"fa fa-angle-right\"><\/i><\/div><\/div><div class=\"wpr-ba-label wpr-ba-label-1\"><div>Design<\/div><\/div><div class=\"wpr-ba-label wpr-ba-label-2\"><div>Realizzazione<\/div><\/div><\/div>\t\t\t\t<\/div>\n\t\t\t\t<\/div>\n\t\t\t\t<\/div>\n\t\t<div class=\"elementor-element elementor-element-fea05b8 e-con-full e-flex wpr-particle-no wpr-jarallax-no wpr-parallax-no wpr-sticky-section-no wpr-column-slider-no wpr-equal-height-no e-con e-child\" data-id=\"fea05b8\" data-element_type=\"container\" data-e-type=\"container\">\n\t\t\t\t<div class=\"elementor-element elementor-element-451a584 elementor-invisible elementor-widget elementor-widget-heading\" data-id=\"451a584\" data-element_type=\"widget\" data-e-type=\"widget\" data-settings=\"{&quot;_animation&quot;:&quot;fadeIn&quot;}\" data-widget_type=\"heading.default\">\n\t\t\t\t<div class=\"elementor-widget-container\">\n\t\t\t\t\t<h2 class=\"elementor-heading-title elementor-size-default\">Perch\u00e8 sceglierci?<\/h2>\t\t\t\t<\/div>\n\t\t\t\t<\/div>\n\t\t\t\t<div class=\"elementor-element elementor-element-e4f7937 elementor-invisible elementor-widget elementor-widget-text-editor\" data-id=\"e4f7937\" data-element_type=\"widget\" data-e-type=\"widget\" data-settings=\"{&quot;_animation&quot;:&quot;fadeIn&quot;,&quot;_animation_delay&quot;:200}\" data-widget_type=\"text-editor.default\">\n\t\t\t\t<div class=\"elementor-widget-container\">\n\t\t\t\t\t\t\t\t\t<div class=\"wpb_text_column wpb_content_element\"><div class=\"wpb_wrapper\">Da oltre 30 anni mettiamo a disposizione la nostra esperienza per offrire soluzioni di alta qualit\u00e0, progettate con un approccio completamente su misura e pensate per rispondere in modo preciso alle esigenze di ogni cliente. Il nostro impegno costante nell\u2019innovazione e nella ricerca nel campo del design ci permette di proporre progetti all\u2019avanguardia, funzionali ed esteticamente curati.<\/div><div>\u00a0<\/div><div class=\"wpb_wrapper\">Inoltre, garantiamo un servizio completo anche dopo l\u2019installazione, grazie a un\u2019assistenza post-vendita dedicata e sempre disponibile, per assicurare la massima soddisfazione e continuit\u00e0 nel tempo.<\/div><\/div>\t\t\t\t\t\t\t\t<\/div>\n\t\t\t\t<\/div>\n\t\t\t\t<\/div>\n\t\t\t\t\t<\/div>\n\t\t\t\t<\/div>\n\t\t<div class=\"elementor-element elementor-element-04fa9b1 e-flex e-con-boxed wpr-particle-no wpr-jarallax-no wpr-parallax-no wpr-sticky-section-no wpr-column-slider-no wpr-equal-height-no e-con e-parent\" data-id=\"04fa9b1\" data-element_type=\"container\" data-e-type=\"container\">\n\t\t\t\t\t<div class=\"e-con-inner\">\n\t\t\t\t\t<\/div>\n\t\t\t\t<\/div>\n\t\t\t\t<\/div>","protected":false},"excerpt":{"rendered":"<p>Hai bisogno di una soluzione personalizzata? Contattaci ora per una consulenza senza impegno! Contattaci Progettazione su misura Da oltre 30 anni progettiamo e realizziamo impianti personalizzati per l\u2019industria ittica e l\u2019arredo pescherie, unendo esperienza tecnica e attenzione alle esigenze specifiche di ogni cliente. Il nostro processo di progettazione Studio di fattibilit\u00e0Analizziamo dettagliatamente le esigenze specifiche, ambientali e produttive. Progettazione tecnica personalizzataCreiamo soluzioni tecniche e di design su misura, curando ogni dettaglio. Proposte multiplePresentiamo pi\u00f9 opzioni tra cui scegliere, bilanciando spazio, budget e funzionalit\u00e0. Innovazione e qualit\u00e0Investiamo in tecnologie avanzate e design all\u2019avanguardia per garantire impianti performanti e duraturi. ProgettazioneRealizzazione ProgettazioneRealizzazione Perch\u00e8 sceglierci? Da oltre 30 anni mettiamo a disposizione la nostra esperienza per offrire soluzioni di alta qualit\u00e0, progettate con un approccio completamente su misura e pensate per rispondere in modo preciso alle esigenze di ogni cliente. Il nostro impegno costante nell\u2019innovazione e nella ricerca nel campo del design ci permette di proporre progetti all\u2019avanguardia, funzionali ed esteticamente curati.\u00a0Inoltre, garantiamo un servizio completo anche dopo l\u2019installazione, grazie a un\u2019assistenza post-vendita dedicata e sempre disponibile, per assicurare la massima soddisfazione e continuit\u00e0 nel tempo.<\/p>","protected":false},"author":1,"featured_media":0,"parent":0,"menu_order":0,"comment_status":"closed","ping_status":"closed","template":"elementor_header_footer","meta":{"footnotes":""},"class_list":["post-628","page","type-page","status-publish","hentry"],"yoast_head":"<!-- This site is optimized with the Yoast SEO plugin v27.5 - https:\/\/yoast.com\/product\/yoast-seo-wordpress\/ -->\n<title>Progettazione - Tecnoimpianti Riccione<\/title>\n<meta name=\"robots\" content=\"index, follow, max-snippet:-1, max-image-preview:large, max-video-preview:-1\" \/>\n<link rel=\"canonical\" href=\"https:\/\/www.tecnoimpianti-riccione.com\/it\/en\/progettazione\/\" \/>\n<meta property=\"og:locale\" content=\"en_US\" \/>\n<meta property=\"og:type\" content=\"article\" \/>\n<meta property=\"og:title\" content=\"Progettazione - Tecnoimpianti Riccione\" \/>\n<meta property=\"og:description\" content=\"Hai bisogno di una soluzione personalizzata? Contattaci ora per una consulenza senza impegno! Contattaci Progettazione su misura Da oltre 30 anni progettiamo e realizziamo impianti personalizzati per l\u2019industria ittica e l\u2019arredo pescherie, unendo esperienza tecnica e attenzione alle esigenze specifiche di ogni cliente. Il nostro processo di progettazione Studio di fattibilit\u00e0Analizziamo dettagliatamente le esigenze specifiche, ambientali e produttive. Progettazione tecnica personalizzataCreiamo soluzioni tecniche e di design su misura, curando ogni dettaglio. Proposte multiplePresentiamo pi\u00f9 opzioni tra cui scegliere, bilanciando spazio, budget e funzionalit\u00e0. Innovazione e qualit\u00e0Investiamo in tecnologie avanzate e design all\u2019avanguardia per garantire impianti performanti e duraturi. ProgettazioneRealizzazione ProgettazioneRealizzazione Perch\u00e8 sceglierci? Da oltre 30 anni mettiamo a disposizione la nostra esperienza per offrire soluzioni di alta qualit\u00e0, progettate con un approccio completamente su misura e pensate per rispondere in modo preciso alle esigenze di ogni cliente. Il nostro impegno costante nell\u2019innovazione e nella ricerca nel campo del design ci permette di proporre progetti all\u2019avanguardia, funzionali ed esteticamente curati.\u00a0Inoltre, garantiamo un servizio completo anche dopo l\u2019installazione, grazie a un\u2019assistenza post-vendita dedicata e sempre disponibile, per assicurare la massima soddisfazione e continuit\u00e0 nel tempo.\" \/>\n<meta property=\"og:url\" content=\"https:\/\/www.tecnoimpianti-riccione.com\/it\/en\/progettazione\/\" \/>\n<meta property=\"og:site_name\" content=\"Tecnoimpianti Riccione\" \/>\n<meta property=\"article:modified_time\" content=\"2026-04-23T07:44:37+00:00\" \/>\n<meta property=\"og:image\" content=\"https:\/\/www.tecnoimpianti-riccione.com\/wp-content\/uploads\/2026\/04\/after_pro-1.png\" \/>\n<meta name=\"twitter:card\" content=\"summary_large_image\" \/>\n<meta name=\"twitter:label1\" content=\"Est. reading time\" \/>\n\t<meta name=\"twitter:data1\" content=\"2 minutes\" \/>\n<script type=\"application\/ld+json\" class=\"yoast-schema-graph\">{\"@context\":\"https:\\\/\\\/schema.org\",\"@graph\":[{\"@type\":\"WebPage\",\"@id\":\"https:\\\/\\\/www.tecnoimpianti-riccione.com\\\/it\\\/progettazione\\\/\",\"url\":\"https:\\\/\\\/www.tecnoimpianti-riccione.com\\\/it\\\/progettazione\\\/\",\"name\":\"Progettazione - Tecnoimpianti Riccione\",\"isPartOf\":{\"@id\":\"https:\\\/\\\/www.tecnoimpianti-riccione.com\\\/it\\\/#website\"},\"primaryImageOfPage\":{\"@id\":\"https:\\\/\\\/www.tecnoimpianti-riccione.com\\\/it\\\/progettazione\\\/#primaryimage\"},\"image\":{\"@id\":\"https:\\\/\\\/www.tecnoimpianti-riccione.com\\\/it\\\/progettazione\\\/#primaryimage\"},\"thumbnailUrl\":\"https:\\\/\\\/www.tecnoimpianti-riccione.com\\\/wp-content\\\/uploads\\\/2026\\\/04\\\/after_pro-1.png\",\"datePublished\":\"2025-02-27T11:03:33+00:00\",\"dateModified\":\"2026-04-23T07:44:37+00:00\",\"breadcrumb\":{\"@id\":\"https:\\\/\\\/www.tecnoimpianti-riccione.com\\\/it\\\/progettazione\\\/#breadcrumb\"},\"inLanguage\":\"en-US\",\"potentialAction\":[{\"@type\":\"ReadAction\",\"target\":[\"https:\\\/\\\/www.tecnoimpianti-riccione.com\\\/it\\\/progettazione\\\/\"]}]},{\"@type\":\"ImageObject\",\"inLanguage\":\"en-US\",\"@id\":\"https:\\\/\\\/www.tecnoimpianti-riccione.com\\\/it\\\/progettazione\\\/#primaryimage\",\"url\":\"https:\\\/\\\/www.tecnoimpianti-riccione.com\\\/wp-content\\\/uploads\\\/2026\\\/04\\\/after_pro-1.png\",\"contentUrl\":\"https:\\\/\\\/www.tecnoimpianti-riccione.com\\\/wp-content\\\/uploads\\\/2026\\\/04\\\/after_pro-1.png\"},{\"@type\":\"BreadcrumbList\",\"@id\":\"https:\\\/\\\/www.tecnoimpianti-riccione.com\\\/it\\\/progettazione\\\/#breadcrumb\",\"itemListElement\":[{\"@type\":\"ListItem\",\"position\":1,\"name\":\"Home\",\"item\":\"https:\\\/\\\/www.tecnoimpianti-riccione.com\\\/it\\\/\"},{\"@type\":\"ListItem\",\"position\":2,\"name\":\"Progettazione\"}]},{\"@type\":\"WebSite\",\"@id\":\"https:\\\/\\\/www.tecnoimpianti-riccione.com\\\/it\\\/#website\",\"url\":\"https:\\\/\\\/www.tecnoimpianti-riccione.com\\\/it\\\/\",\"name\":\"Tecnoimpianti Riccione\",\"description\":\"\",\"publisher\":{\"@id\":\"https:\\\/\\\/www.tecnoimpianti-riccione.com\\\/it\\\/#organization\"},\"potentialAction\":[{\"@type\":\"SearchAction\",\"target\":{\"@type\":\"EntryPoint\",\"urlTemplate\":\"https:\\\/\\\/www.tecnoimpianti-riccione.com\\\/it\\\/?s={search_term_string}\"},\"query-input\":{\"@type\":\"PropertyValueSpecification\",\"valueRequired\":true,\"valueName\":\"search_term_string\"}}],\"inLanguage\":\"en-US\"},{\"@type\":\"Organization\",\"@id\":\"https:\\\/\\\/www.tecnoimpianti-riccione.com\\\/it\\\/#organization\",\"name\":\"Tecnoimpianti Riccione\",\"url\":\"https:\\\/\\\/www.tecnoimpianti-riccione.com\\\/it\\\/\",\"logo\":{\"@type\":\"ImageObject\",\"inLanguage\":\"en-US\",\"@id\":\"https:\\\/\\\/www.tecnoimpianti-riccione.com\\\/it\\\/#\\\/schema\\\/logo\\\/image\\\/\",\"url\":\"https:\\\/\\\/www.tecnoimpianti-riccione.com\\\/wp-content\\\/uploads\\\/2025\\\/02\\\/logo-30-blu.png\",\"contentUrl\":\"https:\\\/\\\/www.tecnoimpianti-riccione.com\\\/wp-content\\\/uploads\\\/2025\\\/02\\\/logo-30-blu.png\",\"width\":600,\"height\":207,\"caption\":\"Tecnoimpianti Riccione\"},\"image\":{\"@id\":\"https:\\\/\\\/www.tecnoimpianti-riccione.com\\\/it\\\/#\\\/schema\\\/logo\\\/image\\\/\"}}]}<\/script>\n<!-- \/ Yoast SEO plugin. -->","yoast_head_json":{"title":"Progettazione - Tecnoimpianti Riccione","robots":{"index":"index","follow":"follow","max-snippet":"max-snippet:-1","max-image-preview":"max-image-preview:large","max-video-preview":"max-video-preview:-1"},"canonical":"https:\/\/www.tecnoimpianti-riccione.com\/it\/en\/progettazione\/","og_locale":"en_US","og_type":"article","og_title":"Progettazione - Tecnoimpianti Riccione","og_description":"Hai bisogno di una soluzione personalizzata? Contattaci ora per una consulenza senza impegno! Contattaci Progettazione su misura Da oltre 30 anni progettiamo e realizziamo impianti personalizzati per l\u2019industria ittica e l\u2019arredo pescherie, unendo esperienza tecnica e attenzione alle esigenze specifiche di ogni cliente. Il nostro processo di progettazione Studio di fattibilit\u00e0Analizziamo dettagliatamente le esigenze specifiche, ambientali e produttive. Progettazione tecnica personalizzataCreiamo soluzioni tecniche e di design su misura, curando ogni dettaglio. Proposte multiplePresentiamo pi\u00f9 opzioni tra cui scegliere, bilanciando spazio, budget e funzionalit\u00e0. Innovazione e qualit\u00e0Investiamo in tecnologie avanzate e design all\u2019avanguardia per garantire impianti performanti e duraturi. ProgettazioneRealizzazione ProgettazioneRealizzazione Perch\u00e8 sceglierci? Da oltre 30 anni mettiamo a disposizione la nostra esperienza per offrire soluzioni di alta qualit\u00e0, progettate con un approccio completamente su misura e pensate per rispondere in modo preciso alle esigenze di ogni cliente. Il nostro impegno costante nell\u2019innovazione e nella ricerca nel campo del design ci permette di proporre progetti all\u2019avanguardia, funzionali ed esteticamente curati.\u00a0Inoltre, garantiamo un servizio completo anche dopo l\u2019installazione, grazie a un\u2019assistenza post-vendita dedicata e sempre disponibile, per assicurare la massima soddisfazione e continuit\u00e0 nel tempo.","og_url":"https:\/\/www.tecnoimpianti-riccione.com\/it\/en\/progettazione\/","og_site_name":"Tecnoimpianti Riccione","article_modified_time":"2026-04-23T07:44:37+00:00","og_image":[{"url":"https:\/\/www.tecnoimpianti-riccione.com\/wp-content\/uploads\/2026\/04\/after_pro-1.png","type":"","width":"","height":""}],"twitter_card":"summary_large_image","twitter_misc":{"Est. reading time":"2 minutes"},"schema":{"@context":"https:\/\/schema.org","@graph":[{"@type":"WebPage","@id":"https:\/\/www.tecnoimpianti-riccione.com\/it\/progettazione\/","url":"https:\/\/www.tecnoimpianti-riccione.com\/it\/progettazione\/","name":"Progettazione - Tecnoimpianti Riccione","isPartOf":{"@id":"https:\/\/www.tecnoimpianti-riccione.com\/it\/#website"},"primaryImageOfPage":{"@id":"https:\/\/www.tecnoimpianti-riccione.com\/it\/progettazione\/#primaryimage"},"image":{"@id":"https:\/\/www.tecnoimpianti-riccione.com\/it\/progettazione\/#primaryimage"},"thumbnailUrl":"https:\/\/www.tecnoimpianti-riccione.com\/wp-content\/uploads\/2026\/04\/after_pro-1.png","datePublished":"2025-02-27T11:03:33+00:00","dateModified":"2026-04-23T07:44:37+00:00","breadcrumb":{"@id":"https:\/\/www.tecnoimpianti-riccione.com\/it\/progettazione\/#breadcrumb"},"inLanguage":"en-US","potentialAction":[{"@type":"ReadAction","target":["https:\/\/www.tecnoimpianti-riccione.com\/it\/progettazione\/"]}]},{"@type":"ImageObject","inLanguage":"en-US","@id":"https:\/\/www.tecnoimpianti-riccione.com\/it\/progettazione\/#primaryimage","url":"https:\/\/www.tecnoimpianti-riccione.com\/wp-content\/uploads\/2026\/04\/after_pro-1.png","contentUrl":"https:\/\/www.tecnoimpianti-riccione.com\/wp-content\/uploads\/2026\/04\/after_pro-1.png"},{"@type":"BreadcrumbList","@id":"https:\/\/www.tecnoimpianti-riccione.com\/it\/progettazione\/#breadcrumb","itemListElement":[{"@type":"ListItem","position":1,"name":"Home","item":"https:\/\/www.tecnoimpianti-riccione.com\/it\/"},{"@type":"ListItem","position":2,"name":"Progettazione"}]},{"@type":"WebSite","@id":"https:\/\/www.tecnoimpianti-riccione.com\/it\/#website","url":"https:\/\/www.tecnoimpianti-riccione.com\/it\/","name":"Tecnoimpianti Riccione","description":"","publisher":{"@id":"https:\/\/www.tecnoimpianti-riccione.com\/it\/#organization"},"potentialAction":[{"@type":"SearchAction","target":{"@type":"EntryPoint","urlTemplate":"https:\/\/www.tecnoimpianti-riccione.com\/it\/?s={search_term_string}"},"query-input":{"@type":"PropertyValueSpecification","valueRequired":true,"valueName":"search_term_string"}}],"inLanguage":"en-US"},{"@type":"Organization","@id":"https:\/\/www.tecnoimpianti-riccione.com\/it\/#organization","name":"Tecnoimpianti Riccione","url":"https:\/\/www.tecnoimpianti-riccione.com\/it\/","logo":{"@type":"ImageObject","inLanguage":"en-US","@id":"https:\/\/www.tecnoimpianti-riccione.com\/it\/#\/schema\/logo\/image\/","url":"https:\/\/www.tecnoimpianti-riccione.com\/wp-content\/uploads\/2025\/02\/logo-30-blu.png","contentUrl":"https:\/\/www.tecnoimpianti-riccione.com\/wp-content\/uploads\/2025\/02\/logo-30-blu.png","width":600,"height":207,"caption":"Tecnoimpianti Riccione"},"image":{"@id":"https:\/\/www.tecnoimpianti-riccione.com\/it\/#\/schema\/logo\/image\/"}}]}},"_links":{"self":[{"href":"https:\/\/www.tecnoimpianti-riccione.com\/it\/en\/wp-json\/wp\/v2\/pages\/628","targetHints":{"allow":["GET"]}}],"collection":[{"href":"https:\/\/www.tecnoimpianti-riccione.com\/it\/en\/wp-json\/wp\/v2\/pages"}],"about":[{"href":"https:\/\/www.tecnoimpianti-riccione.com\/it\/en\/wp-json\/wp\/v2\/types\/page"}],"author":[{"embeddable":true,"href":"https:\/\/www.tecnoimpianti-riccione.com\/it\/en\/wp-json\/wp\/v2\/users\/1"}],"replies":[{"embeddable":true,"href":"https:\/\/www.tecnoimpianti-riccione.com\/it\/en\/wp-json\/wp\/v2\/comments?post=628"}],"version-history":[{"count":88,"href":"https:\/\/www.tecnoimpianti-riccione.com\/it\/en\/wp-json\/wp\/v2\/pages\/628\/revisions"}],"predecessor-version":[{"id":2191,"href":"https:\/\/www.tecnoimpianti-riccione.com\/it\/en\/wp-json\/wp\/v2\/pages\/628\/revisions\/2191"}],"wp:attachment":[{"href":"https:\/\/www.tecnoimpianti-riccione.com\/it\/en\/wp-json\/wp\/v2\/media?parent=628"}],"curies":[{"name":"wp","href":"https:\/\/api.w.org\/{rel}","templated":true}]}}