{"id":132,"date":"2025-02-25T15:36:41","date_gmt":"2025-02-25T14:36:41","guid":{"rendered":"http:\/\/tecnoimpianti-riccione.local\/?post_type=product&#038;p=132"},"modified":"2026-04-03T10:08:01","modified_gmt":"2026-04-03T08:08:01","slug":"posillipo-147","status":"publish","type":"product","link":"https:\/\/www.tecnoimpianti-riccione.com\/it\/en\/product\/posillipo-147\/","title":{"rendered":"Posillipo 147"},"content":{"rendered":"<p data-start=\"292\" data-end=\"367\"><strong data-start=\"292\" data-end=\"367\">Impianto di stoccaggio crostacei \u2013 facile gestione, minima manutenzione<\/strong><\/p>\n<p data-start=\"369\" data-end=\"499\">Posillipo 147 \u00e8 un impianto di stoccaggio per crostacei progettato per garantire la massima efficienza con la minima manutenzione.<\/p>\n<p data-start=\"501\" data-end=\"792\">La struttura, valorizzata da un elegante box laterale in alluminio anodizzato con pannelli blu, unisce design e funzionalit\u00e0. \u00c8 la soluzione ideale per pescherie, Cash &amp; Carry e ristoratori che desiderano creare un vero e proprio \u201cangolo del vivo\u201d all\u2019interno del proprio locale.<\/p>\n<p class=\"isselectedend\">La vasca isotermica consente una significativa riduzione dei consumi energetici, mantenendo l\u2019acqua alla temperatura impostata per un periodo prolungato.<\/p>\n<p data-start=\"1327\" data-end=\"1429\">POSILLIPO rappresenta un impianto affidabile e collaudato, in grado di coniugare qualit\u00e0, funzionalit\u00e0 e un investimento contenuto.<\/p>\n<h3>Versione standard<\/h3>\n<ul>\n<li>Dimensioni: mm 1470 x 1170 x 880 h (BIN) + box attrezzature: mm 500 x 1000 x 880 h<\/li>\n<li>In alternativa, il sistema pu\u00f2 essere realizzato anche con contenitori isotermici di dimensioni mm 1120 \u00d7 1120 \u00d7 860 h o mm 1990 \u00d7 1170 \u00d7 870 h<\/li>\n<li>Alimentazione: 220 V<\/li>\n<\/ul>\n<h3>Optional<\/h3>\n<ul>\n<li>Vasca in vetro coibentato sovrapposta al contenitore isotermico (BIN)<\/li>\n<li>Coperchio<\/li>\n<li>Unit\u00e0 di sterilizzazione UV<\/li>\n<\/ul>","protected":false},"excerpt":{"rendered":"<p class=\"ccm-page-list-description\">Facile gestione, minima manutenzione.<\/p>","protected":false},"featured_media":1663,"template":"","meta":[],"product_brand":[],"product_cat":[17,24],"product_tag":[],"class_list":{"0":"post-132","1":"product","2":"type-product","3":"status-publish","4":"has-post-thumbnail","6":"product_cat-acquari-per-pescherie-e-ipermercati","7":"product_cat-impianti-di-stoccaggio-per-grossisti-e-importatori","9":"first","10":"instock","11":"product-type-simple"},"yoast_head":"<!-- This site is optimized with the Yoast SEO plugin v27.5 - https:\/\/yoast.com\/product\/yoast-seo-wordpress\/ -->\n<title>Posillipo 147 - Tecnoimpianti Riccione<\/title>\n<meta name=\"robots\" content=\"index, follow, max-snippet:-1, max-image-preview:large, max-video-preview:-1\" \/>\n<link rel=\"canonical\" href=\"https:\/\/www.tecnoimpianti-riccione.com\/it\/en\/product\/posillipo-147\/\" \/>\n<meta property=\"og:locale\" content=\"en_US\" \/>\n<meta property=\"og:type\" content=\"article\" \/>\n<meta property=\"og:title\" content=\"Posillipo 147 - Tecnoimpianti Riccione\" \/>\n<meta property=\"og:description\" content=\"Facile gestione, minima manutenzione.\" \/>\n<meta property=\"og:url\" content=\"https:\/\/www.tecnoimpianti-riccione.com\/it\/en\/product\/posillipo-147\/\" \/>\n<meta property=\"og:site_name\" content=\"Tecnoimpianti Riccione\" \/>\n<meta property=\"article:modified_time\" content=\"2026-04-03T08:08:01+00:00\" \/>\n<meta property=\"og:image\" content=\"https:\/\/www.tecnoimpianti-riccione.com\/wp-content\/uploads\/2025\/02\/posillipo-147.jpg\" \/>\n\t<meta property=\"og:image:width\" content=\"1080\" \/>\n\t<meta property=\"og:image:height\" content=\"1080\" \/>\n\t<meta property=\"og:image:type\" content=\"image\/jpeg\" \/>\n<meta name=\"twitter:card\" content=\"summary_large_image\" \/>\n<meta name=\"twitter:label1\" content=\"Est. reading time\" \/>\n\t<meta name=\"twitter:data1\" content=\"2 minutes\" \/>\n<script type=\"application\/ld+json\" class=\"yoast-schema-graph\">{\"@context\":\"https:\\\/\\\/schema.org\",\"@graph\":[{\"@type\":\"WebPage\",\"@id\":\"https:\\\/\\\/www.tecnoimpianti-riccione.com\\\/it\\\/prodotto\\\/posillipo-147\\\/\",\"url\":\"https:\\\/\\\/www.tecnoimpianti-riccione.com\\\/it\\\/prodotto\\\/posillipo-147\\\/\",\"name\":\"Posillipo 147 - Tecnoimpianti Riccione\",\"isPartOf\":{\"@id\":\"https:\\\/\\\/www.tecnoimpianti-riccione.com\\\/it\\\/#website\"},\"primaryImageOfPage\":{\"@id\":\"https:\\\/\\\/www.tecnoimpianti-riccione.com\\\/it\\\/prodotto\\\/posillipo-147\\\/#primaryimage\"},\"image\":{\"@id\":\"https:\\\/\\\/www.tecnoimpianti-riccione.com\\\/it\\\/prodotto\\\/posillipo-147\\\/#primaryimage\"},\"thumbnailUrl\":\"https:\\\/\\\/www.tecnoimpianti-riccione.com\\\/wp-content\\\/uploads\\\/2025\\\/02\\\/posillipo-147.jpg\",\"datePublished\":\"2025-02-25T14:36:41+00:00\",\"dateModified\":\"2026-04-03T08:08:01+00:00\",\"breadcrumb\":{\"@id\":\"https:\\\/\\\/www.tecnoimpianti-riccione.com\\\/it\\\/prodotto\\\/posillipo-147\\\/#breadcrumb\"},\"inLanguage\":\"en-US\",\"potentialAction\":[{\"@type\":\"ReadAction\",\"target\":[\"https:\\\/\\\/www.tecnoimpianti-riccione.com\\\/it\\\/prodotto\\\/posillipo-147\\\/\"]}]},{\"@type\":\"ImageObject\",\"inLanguage\":\"en-US\",\"@id\":\"https:\\\/\\\/www.tecnoimpianti-riccione.com\\\/it\\\/prodotto\\\/posillipo-147\\\/#primaryimage\",\"url\":\"https:\\\/\\\/www.tecnoimpianti-riccione.com\\\/wp-content\\\/uploads\\\/2025\\\/02\\\/posillipo-147.jpg\",\"contentUrl\":\"https:\\\/\\\/www.tecnoimpianti-riccione.com\\\/wp-content\\\/uploads\\\/2025\\\/02\\\/posillipo-147.jpg\",\"width\":1080,\"height\":1080},{\"@type\":\"BreadcrumbList\",\"@id\":\"https:\\\/\\\/www.tecnoimpianti-riccione.com\\\/it\\\/prodotto\\\/posillipo-147\\\/#breadcrumb\",\"itemListElement\":[{\"@type\":\"ListItem\",\"position\":1,\"name\":\"Home\",\"item\":\"https:\\\/\\\/www.tecnoimpianti-riccione.com\\\/it\\\/\"},{\"@type\":\"ListItem\",\"position\":2,\"name\":\"Shop\",\"item\":\"https:\\\/\\\/www.tecnoimpianti-riccione.com\\\/it\\\/negozio\\\/\"},{\"@type\":\"ListItem\",\"position\":3,\"name\":\"Posillipo 147\"}]},{\"@type\":\"WebSite\",\"@id\":\"https:\\\/\\\/www.tecnoimpianti-riccione.com\\\/it\\\/#website\",\"url\":\"https:\\\/\\\/www.tecnoimpianti-riccione.com\\\/it\\\/\",\"name\":\"Tecnoimpianti Riccione\",\"description\":\"\",\"publisher\":{\"@id\":\"https:\\\/\\\/www.tecnoimpianti-riccione.com\\\/it\\\/#organization\"},\"potentialAction\":[{\"@type\":\"SearchAction\",\"target\":{\"@type\":\"EntryPoint\",\"urlTemplate\":\"https:\\\/\\\/www.tecnoimpianti-riccione.com\\\/it\\\/?s={search_term_string}\"},\"query-input\":{\"@type\":\"PropertyValueSpecification\",\"valueRequired\":true,\"valueName\":\"search_term_string\"}}],\"inLanguage\":\"en-US\"},{\"@type\":\"Organization\",\"@id\":\"https:\\\/\\\/www.tecnoimpianti-riccione.com\\\/it\\\/#organization\",\"name\":\"Tecnoimpianti Riccione\",\"url\":\"https:\\\/\\\/www.tecnoimpianti-riccione.com\\\/it\\\/\",\"logo\":{\"@type\":\"ImageObject\",\"inLanguage\":\"en-US\",\"@id\":\"https:\\\/\\\/www.tecnoimpianti-riccione.com\\\/it\\\/#\\\/schema\\\/logo\\\/image\\\/\",\"url\":\"https:\\\/\\\/www.tecnoimpianti-riccione.com\\\/wp-content\\\/uploads\\\/2025\\\/02\\\/logo-30-blu.png\",\"contentUrl\":\"https:\\\/\\\/www.tecnoimpianti-riccione.com\\\/wp-content\\\/uploads\\\/2025\\\/02\\\/logo-30-blu.png\",\"width\":600,\"height\":207,\"caption\":\"Tecnoimpianti Riccione\"},\"image\":{\"@id\":\"https:\\\/\\\/www.tecnoimpianti-riccione.com\\\/it\\\/#\\\/schema\\\/logo\\\/image\\\/\"}}]}<\/script>\n<!-- \/ Yoast SEO plugin. -->","yoast_head_json":{"title":"Posillipo 147 - Tecnoimpianti Riccione","robots":{"index":"index","follow":"follow","max-snippet":"max-snippet:-1","max-image-preview":"max-image-preview:large","max-video-preview":"max-video-preview:-1"},"canonical":"https:\/\/www.tecnoimpianti-riccione.com\/it\/en\/product\/posillipo-147\/","og_locale":"en_US","og_type":"article","og_title":"Posillipo 147 - Tecnoimpianti Riccione","og_description":"Facile gestione, minima manutenzione.","og_url":"https:\/\/www.tecnoimpianti-riccione.com\/it\/en\/product\/posillipo-147\/","og_site_name":"Tecnoimpianti Riccione","article_modified_time":"2026-04-03T08:08:01+00:00","og_image":[{"width":1080,"height":1080,"url":"https:\/\/www.tecnoimpianti-riccione.com\/wp-content\/uploads\/2025\/02\/posillipo-147.jpg","type":"image\/jpeg"}],"twitter_card":"summary_large_image","twitter_misc":{"Est. reading time":"2 minutes"},"schema":{"@context":"https:\/\/schema.org","@graph":[{"@type":"WebPage","@id":"https:\/\/www.tecnoimpianti-riccione.com\/it\/prodotto\/posillipo-147\/","url":"https:\/\/www.tecnoimpianti-riccione.com\/it\/prodotto\/posillipo-147\/","name":"Posillipo 147 - Tecnoimpianti Riccione","isPartOf":{"@id":"https:\/\/www.tecnoimpianti-riccione.com\/it\/#website"},"primaryImageOfPage":{"@id":"https:\/\/www.tecnoimpianti-riccione.com\/it\/prodotto\/posillipo-147\/#primaryimage"},"image":{"@id":"https:\/\/www.tecnoimpianti-riccione.com\/it\/prodotto\/posillipo-147\/#primaryimage"},"thumbnailUrl":"https:\/\/www.tecnoimpianti-riccione.com\/wp-content\/uploads\/2025\/02\/posillipo-147.jpg","datePublished":"2025-02-25T14:36:41+00:00","dateModified":"2026-04-03T08:08:01+00:00","breadcrumb":{"@id":"https:\/\/www.tecnoimpianti-riccione.com\/it\/prodotto\/posillipo-147\/#breadcrumb"},"inLanguage":"en-US","potentialAction":[{"@type":"ReadAction","target":["https:\/\/www.tecnoimpianti-riccione.com\/it\/prodotto\/posillipo-147\/"]}]},{"@type":"ImageObject","inLanguage":"en-US","@id":"https:\/\/www.tecnoimpianti-riccione.com\/it\/prodotto\/posillipo-147\/#primaryimage","url":"https:\/\/www.tecnoimpianti-riccione.com\/wp-content\/uploads\/2025\/02\/posillipo-147.jpg","contentUrl":"https:\/\/www.tecnoimpianti-riccione.com\/wp-content\/uploads\/2025\/02\/posillipo-147.jpg","width":1080,"height":1080},{"@type":"BreadcrumbList","@id":"https:\/\/www.tecnoimpianti-riccione.com\/it\/prodotto\/posillipo-147\/#breadcrumb","itemListElement":[{"@type":"ListItem","position":1,"name":"Home","item":"https:\/\/www.tecnoimpianti-riccione.com\/it\/"},{"@type":"ListItem","position":2,"name":"Shop","item":"https:\/\/www.tecnoimpianti-riccione.com\/it\/negozio\/"},{"@type":"ListItem","position":3,"name":"Posillipo 147"}]},{"@type":"WebSite","@id":"https:\/\/www.tecnoimpianti-riccione.com\/it\/#website","url":"https:\/\/www.tecnoimpianti-riccione.com\/it\/","name":"Tecnoimpianti Riccione","description":"","publisher":{"@id":"https:\/\/www.tecnoimpianti-riccione.com\/it\/#organization"},"potentialAction":[{"@type":"SearchAction","target":{"@type":"EntryPoint","urlTemplate":"https:\/\/www.tecnoimpianti-riccione.com\/it\/?s={search_term_string}"},"query-input":{"@type":"PropertyValueSpecification","valueRequired":true,"valueName":"search_term_string"}}],"inLanguage":"en-US"},{"@type":"Organization","@id":"https:\/\/www.tecnoimpianti-riccione.com\/it\/#organization","name":"Tecnoimpianti Riccione","url":"https:\/\/www.tecnoimpianti-riccione.com\/it\/","logo":{"@type":"ImageObject","inLanguage":"en-US","@id":"https:\/\/www.tecnoimpianti-riccione.com\/it\/#\/schema\/logo\/image\/","url":"https:\/\/www.tecnoimpianti-riccione.com\/wp-content\/uploads\/2025\/02\/logo-30-blu.png","contentUrl":"https:\/\/www.tecnoimpianti-riccione.com\/wp-content\/uploads\/2025\/02\/logo-30-blu.png","width":600,"height":207,"caption":"Tecnoimpianti Riccione"},"image":{"@id":"https:\/\/www.tecnoimpianti-riccione.com\/it\/#\/schema\/logo\/image\/"}}]}},"_links":{"self":[{"href":"https:\/\/www.tecnoimpianti-riccione.com\/it\/en\/wp-json\/wp\/v2\/product\/132","targetHints":{"allow":["GET"]}}],"collection":[{"href":"https:\/\/www.tecnoimpianti-riccione.com\/it\/en\/wp-json\/wp\/v2\/product"}],"about":[{"href":"https:\/\/www.tecnoimpianti-riccione.com\/it\/en\/wp-json\/wp\/v2\/types\/product"}],"wp:featuredmedia":[{"embeddable":true,"href":"https:\/\/www.tecnoimpianti-riccione.com\/it\/en\/wp-json\/wp\/v2\/media\/1663"}],"wp:attachment":[{"href":"https:\/\/www.tecnoimpianti-riccione.com\/it\/en\/wp-json\/wp\/v2\/media?parent=132"}],"wp:term":[{"taxonomy":"product_brand","embeddable":true,"href":"https:\/\/www.tecnoimpianti-riccione.com\/it\/en\/wp-json\/wp\/v2\/product_brand?post=132"},{"taxonomy":"product_cat","embeddable":true,"href":"https:\/\/www.tecnoimpianti-riccione.com\/it\/en\/wp-json\/wp\/v2\/product_cat?post=132"},{"taxonomy":"product_tag","embeddable":true,"href":"https:\/\/www.tecnoimpianti-riccione.com\/it\/en\/wp-json\/wp\/v2\/product_tag?post=132"}],"curies":[{"name":"wp","href":"https:\/\/api.w.org\/{rel}","templated":true}]}}