{"id":134,"date":"2025-02-25T15:36:42","date_gmt":"2025-02-25T14:36:42","guid":{"rendered":"http:\/\/tecnoimpianti-riccione.local\/?post_type=product&#038;p=134"},"modified":"2026-04-23T10:35:22","modified_gmt":"2026-04-23T08:35:22","slug":"adriatic-extra","status":"publish","type":"product","link":"https:\/\/www.tecnoimpianti-riccione.com\/it\/en\/product\/adriatic-extra\/","title":{"rendered":"Adriatic Extra"},"content":{"rendered":"<p>L&#8217;acquario dalle mille trasformazioni. Nasce per rispondere alle pi\u00f9 diversificate richieste di personalizzazioni di acquari vivai, per ambienti anche diametralmente opposti per stile e design, per dimensioni e ingombri, e storia. E&#8217; una finestra sul mare modellata allo stile e all&#8217;anima del suo proprietario e dei suoi ospiti, animata da crostacei e pesci che in bella vista mostrano la loro freschezza e splendore, valorizzati nel colore anche da un impianto al led personalizzato. La vasca espositiva \u00e8 in vetro coibentato &#8211; per ridurre le dispersioni termiche e contenere l\u2019antiestetica condensa &#8211; dotata di coperchi scorrevoli. Bordi e angoli della vasca possono essere impreziositi da colori interni alle due lastre in vetro o da fasce e angolari in legno o in acciaio lucido o in okite. La struttura portante della vasca \u00e8 in tubolare di acciaio inox. Molteplici le possibilit\u00e0 di rivestimento.\u00a0 \u00a0\u00c8 possibile acquistarlo solo su struttura grezza in tubolare. L\u2019acquario \u00e8 dotato di efficienti attrezzature tecniche di funzionamento integrate a bordo. ADRIATIC EXTRA \u00e8 realizzato per durare nel tempo, caratterizzato da minimi costi di manutenzione e gestione e facilit\u00e0 di uso e gestione.<\/p>\n<h3><strong>Versione standard<\/strong><\/h3>\n<ul>\n<li>Voltaggio: 220 V<\/li>\n<\/ul>\n<h3><strong>Optional <\/strong><\/h3>\n<ul>\n<li>Personalizzazione dimensionale su richiesta<\/li>\n<li>Rivestimento esterno personalizzabile (legno, acciaio inox 316 satinato,\u00a0 okite, altro )<\/li>\n<li>Configurazione vasca espositiva:\n<ul>\n<li>Mono vano<\/li>\n<li>Doppio vano<\/li>\n<\/ul>\n<\/li>\n<li>Unit\u00e0 di sterilizzazione<\/li>\n<\/ul>","protected":false},"excerpt":{"rendered":"<p class=\"ccm-page-list-description\">An aquarium, infinite solutions.<\/p>","protected":false},"featured_media":1337,"template":"","meta":[],"product_brand":[],"product_cat":[49,18],"product_tag":[],"class_list":{"0":"post-134","1":"product","2":"type-product","3":"status-publish","4":"has-post-thumbnail","6":"product_cat-acquari-in-legno","7":"product_cat-acquari-per-ristoranti","9":"first","10":"instock","11":"product-type-simple"},"yoast_head":"<!-- This site is optimized with the Yoast SEO plugin v27.5 - https:\/\/yoast.com\/product\/yoast-seo-wordpress\/ -->\n<title>Adriatic Extra - Tecnoimpianti Riccione<\/title>\n<meta name=\"robots\" content=\"index, follow, max-snippet:-1, max-image-preview:large, max-video-preview:-1\" \/>\n<link rel=\"canonical\" href=\"https:\/\/www.tecnoimpianti-riccione.com\/it\/en\/product\/adriatic-extra\/\" \/>\n<meta property=\"og:locale\" content=\"en_US\" \/>\n<meta property=\"og:type\" content=\"article\" \/>\n<meta property=\"og:title\" content=\"Adriatic Extra - Tecnoimpianti Riccione\" \/>\n<meta property=\"og:description\" content=\"Un acquario, infinite soluzioni.\" \/>\n<meta property=\"og:url\" content=\"https:\/\/www.tecnoimpianti-riccione.com\/it\/en\/product\/adriatic-extra\/\" \/>\n<meta property=\"og:site_name\" content=\"Tecnoimpianti Riccione\" \/>\n<meta property=\"article:modified_time\" content=\"2026-04-23T08:35:22+00:00\" \/>\n<meta property=\"og:image\" content=\"https:\/\/www.tecnoimpianti-riccione.com\/wp-content\/uploads\/2025\/02\/TECNOIMPIANTI_catalogate-sito_ELENCO_0008s_0005_AdriaticExtra_DSC_5601.OK_rid_res-1.jpg\" \/>\n\t<meta property=\"og:image:width\" content=\"800\" \/>\n\t<meta property=\"og:image:height\" content=\"800\" \/>\n\t<meta property=\"og:image:type\" content=\"image\/jpeg\" \/>\n<meta name=\"twitter:card\" content=\"summary_large_image\" \/>\n<meta name=\"twitter:label1\" content=\"Est. reading time\" \/>\n\t<meta name=\"twitter:data1\" content=\"2 minutes\" \/>\n<script type=\"application\/ld+json\" class=\"yoast-schema-graph\">{\"@context\":\"https:\\\/\\\/schema.org\",\"@graph\":[{\"@type\":\"WebPage\",\"@id\":\"https:\\\/\\\/www.tecnoimpianti-riccione.com\\\/it\\\/prodotto\\\/adriatic-extra\\\/\",\"url\":\"https:\\\/\\\/www.tecnoimpianti-riccione.com\\\/it\\\/prodotto\\\/adriatic-extra\\\/\",\"name\":\"Adriatic Extra - Tecnoimpianti Riccione\",\"isPartOf\":{\"@id\":\"https:\\\/\\\/www.tecnoimpianti-riccione.com\\\/it\\\/#website\"},\"primaryImageOfPage\":{\"@id\":\"https:\\\/\\\/www.tecnoimpianti-riccione.com\\\/it\\\/prodotto\\\/adriatic-extra\\\/#primaryimage\"},\"image\":{\"@id\":\"https:\\\/\\\/www.tecnoimpianti-riccione.com\\\/it\\\/prodotto\\\/adriatic-extra\\\/#primaryimage\"},\"thumbnailUrl\":\"https:\\\/\\\/www.tecnoimpianti-riccione.com\\\/wp-content\\\/uploads\\\/2025\\\/02\\\/TECNOIMPIANTI_catalogate-sito_ELENCO_0008s_0005_AdriaticExtra_DSC_5601.OK_rid_res-1.jpg\",\"datePublished\":\"2025-02-25T14:36:42+00:00\",\"dateModified\":\"2026-04-23T08:35:22+00:00\",\"breadcrumb\":{\"@id\":\"https:\\\/\\\/www.tecnoimpianti-riccione.com\\\/it\\\/prodotto\\\/adriatic-extra\\\/#breadcrumb\"},\"inLanguage\":\"en-US\",\"potentialAction\":[{\"@type\":\"ReadAction\",\"target\":[\"https:\\\/\\\/www.tecnoimpianti-riccione.com\\\/it\\\/prodotto\\\/adriatic-extra\\\/\"]}]},{\"@type\":\"ImageObject\",\"inLanguage\":\"en-US\",\"@id\":\"https:\\\/\\\/www.tecnoimpianti-riccione.com\\\/it\\\/prodotto\\\/adriatic-extra\\\/#primaryimage\",\"url\":\"https:\\\/\\\/www.tecnoimpianti-riccione.com\\\/wp-content\\\/uploads\\\/2025\\\/02\\\/TECNOIMPIANTI_catalogate-sito_ELENCO_0008s_0005_AdriaticExtra_DSC_5601.OK_rid_res-1.jpg\",\"contentUrl\":\"https:\\\/\\\/www.tecnoimpianti-riccione.com\\\/wp-content\\\/uploads\\\/2025\\\/02\\\/TECNOIMPIANTI_catalogate-sito_ELENCO_0008s_0005_AdriaticExtra_DSC_5601.OK_rid_res-1.jpg\",\"width\":800,\"height\":800},{\"@type\":\"BreadcrumbList\",\"@id\":\"https:\\\/\\\/www.tecnoimpianti-riccione.com\\\/it\\\/prodotto\\\/adriatic-extra\\\/#breadcrumb\",\"itemListElement\":[{\"@type\":\"ListItem\",\"position\":1,\"name\":\"Home\",\"item\":\"https:\\\/\\\/www.tecnoimpianti-riccione.com\\\/it\\\/\"},{\"@type\":\"ListItem\",\"position\":2,\"name\":\"Shop\",\"item\":\"https:\\\/\\\/www.tecnoimpianti-riccione.com\\\/it\\\/negozio\\\/\"},{\"@type\":\"ListItem\",\"position\":3,\"name\":\"Adriatic Extra\"}]},{\"@type\":\"WebSite\",\"@id\":\"https:\\\/\\\/www.tecnoimpianti-riccione.com\\\/it\\\/#website\",\"url\":\"https:\\\/\\\/www.tecnoimpianti-riccione.com\\\/it\\\/\",\"name\":\"Tecnoimpianti Riccione\",\"description\":\"\",\"publisher\":{\"@id\":\"https:\\\/\\\/www.tecnoimpianti-riccione.com\\\/it\\\/#organization\"},\"potentialAction\":[{\"@type\":\"SearchAction\",\"target\":{\"@type\":\"EntryPoint\",\"urlTemplate\":\"https:\\\/\\\/www.tecnoimpianti-riccione.com\\\/it\\\/?s={search_term_string}\"},\"query-input\":{\"@type\":\"PropertyValueSpecification\",\"valueRequired\":true,\"valueName\":\"search_term_string\"}}],\"inLanguage\":\"en-US\"},{\"@type\":\"Organization\",\"@id\":\"https:\\\/\\\/www.tecnoimpianti-riccione.com\\\/it\\\/#organization\",\"name\":\"Tecnoimpianti Riccione\",\"url\":\"https:\\\/\\\/www.tecnoimpianti-riccione.com\\\/it\\\/\",\"logo\":{\"@type\":\"ImageObject\",\"inLanguage\":\"en-US\",\"@id\":\"https:\\\/\\\/www.tecnoimpianti-riccione.com\\\/it\\\/#\\\/schema\\\/logo\\\/image\\\/\",\"url\":\"https:\\\/\\\/www.tecnoimpianti-riccione.com\\\/wp-content\\\/uploads\\\/2025\\\/02\\\/logo-30-blu.png\",\"contentUrl\":\"https:\\\/\\\/www.tecnoimpianti-riccione.com\\\/wp-content\\\/uploads\\\/2025\\\/02\\\/logo-30-blu.png\",\"width\":600,\"height\":207,\"caption\":\"Tecnoimpianti Riccione\"},\"image\":{\"@id\":\"https:\\\/\\\/www.tecnoimpianti-riccione.com\\\/it\\\/#\\\/schema\\\/logo\\\/image\\\/\"}}]}<\/script>\n<!-- \/ Yoast SEO plugin. -->","yoast_head_json":{"title":"Adriatic Extra - Tecnoimpianti Riccione","robots":{"index":"index","follow":"follow","max-snippet":"max-snippet:-1","max-image-preview":"max-image-preview:large","max-video-preview":"max-video-preview:-1"},"canonical":"https:\/\/www.tecnoimpianti-riccione.com\/it\/en\/product\/adriatic-extra\/","og_locale":"en_US","og_type":"article","og_title":"Adriatic Extra - Tecnoimpianti Riccione","og_description":"Un acquario, infinite soluzioni.","og_url":"https:\/\/www.tecnoimpianti-riccione.com\/it\/en\/product\/adriatic-extra\/","og_site_name":"Tecnoimpianti Riccione","article_modified_time":"2026-04-23T08:35:22+00:00","og_image":[{"width":800,"height":800,"url":"https:\/\/www.tecnoimpianti-riccione.com\/wp-content\/uploads\/2025\/02\/TECNOIMPIANTI_catalogate-sito_ELENCO_0008s_0005_AdriaticExtra_DSC_5601.OK_rid_res-1.jpg","type":"image\/jpeg"}],"twitter_card":"summary_large_image","twitter_misc":{"Est. reading time":"2 minutes"},"schema":{"@context":"https:\/\/schema.org","@graph":[{"@type":"WebPage","@id":"https:\/\/www.tecnoimpianti-riccione.com\/it\/prodotto\/adriatic-extra\/","url":"https:\/\/www.tecnoimpianti-riccione.com\/it\/prodotto\/adriatic-extra\/","name":"Adriatic Extra - Tecnoimpianti Riccione","isPartOf":{"@id":"https:\/\/www.tecnoimpianti-riccione.com\/it\/#website"},"primaryImageOfPage":{"@id":"https:\/\/www.tecnoimpianti-riccione.com\/it\/prodotto\/adriatic-extra\/#primaryimage"},"image":{"@id":"https:\/\/www.tecnoimpianti-riccione.com\/it\/prodotto\/adriatic-extra\/#primaryimage"},"thumbnailUrl":"https:\/\/www.tecnoimpianti-riccione.com\/wp-content\/uploads\/2025\/02\/TECNOIMPIANTI_catalogate-sito_ELENCO_0008s_0005_AdriaticExtra_DSC_5601.OK_rid_res-1.jpg","datePublished":"2025-02-25T14:36:42+00:00","dateModified":"2026-04-23T08:35:22+00:00","breadcrumb":{"@id":"https:\/\/www.tecnoimpianti-riccione.com\/it\/prodotto\/adriatic-extra\/#breadcrumb"},"inLanguage":"en-US","potentialAction":[{"@type":"ReadAction","target":["https:\/\/www.tecnoimpianti-riccione.com\/it\/prodotto\/adriatic-extra\/"]}]},{"@type":"ImageObject","inLanguage":"en-US","@id":"https:\/\/www.tecnoimpianti-riccione.com\/it\/prodotto\/adriatic-extra\/#primaryimage","url":"https:\/\/www.tecnoimpianti-riccione.com\/wp-content\/uploads\/2025\/02\/TECNOIMPIANTI_catalogate-sito_ELENCO_0008s_0005_AdriaticExtra_DSC_5601.OK_rid_res-1.jpg","contentUrl":"https:\/\/www.tecnoimpianti-riccione.com\/wp-content\/uploads\/2025\/02\/TECNOIMPIANTI_catalogate-sito_ELENCO_0008s_0005_AdriaticExtra_DSC_5601.OK_rid_res-1.jpg","width":800,"height":800},{"@type":"BreadcrumbList","@id":"https:\/\/www.tecnoimpianti-riccione.com\/it\/prodotto\/adriatic-extra\/#breadcrumb","itemListElement":[{"@type":"ListItem","position":1,"name":"Home","item":"https:\/\/www.tecnoimpianti-riccione.com\/it\/"},{"@type":"ListItem","position":2,"name":"Shop","item":"https:\/\/www.tecnoimpianti-riccione.com\/it\/negozio\/"},{"@type":"ListItem","position":3,"name":"Adriatic Extra"}]},{"@type":"WebSite","@id":"https:\/\/www.tecnoimpianti-riccione.com\/it\/#website","url":"https:\/\/www.tecnoimpianti-riccione.com\/it\/","name":"Tecnoimpianti Riccione","description":"","publisher":{"@id":"https:\/\/www.tecnoimpianti-riccione.com\/it\/#organization"},"potentialAction":[{"@type":"SearchAction","target":{"@type":"EntryPoint","urlTemplate":"https:\/\/www.tecnoimpianti-riccione.com\/it\/?s={search_term_string}"},"query-input":{"@type":"PropertyValueSpecification","valueRequired":true,"valueName":"search_term_string"}}],"inLanguage":"en-US"},{"@type":"Organization","@id":"https:\/\/www.tecnoimpianti-riccione.com\/it\/#organization","name":"Tecnoimpianti Riccione","url":"https:\/\/www.tecnoimpianti-riccione.com\/it\/","logo":{"@type":"ImageObject","inLanguage":"en-US","@id":"https:\/\/www.tecnoimpianti-riccione.com\/it\/#\/schema\/logo\/image\/","url":"https:\/\/www.tecnoimpianti-riccione.com\/wp-content\/uploads\/2025\/02\/logo-30-blu.png","contentUrl":"https:\/\/www.tecnoimpianti-riccione.com\/wp-content\/uploads\/2025\/02\/logo-30-blu.png","width":600,"height":207,"caption":"Tecnoimpianti Riccione"},"image":{"@id":"https:\/\/www.tecnoimpianti-riccione.com\/it\/#\/schema\/logo\/image\/"}}]}},"_links":{"self":[{"href":"https:\/\/www.tecnoimpianti-riccione.com\/it\/en\/wp-json\/wp\/v2\/product\/134","targetHints":{"allow":["GET"]}}],"collection":[{"href":"https:\/\/www.tecnoimpianti-riccione.com\/it\/en\/wp-json\/wp\/v2\/product"}],"about":[{"href":"https:\/\/www.tecnoimpianti-riccione.com\/it\/en\/wp-json\/wp\/v2\/types\/product"}],"wp:featuredmedia":[{"embeddable":true,"href":"https:\/\/www.tecnoimpianti-riccione.com\/it\/en\/wp-json\/wp\/v2\/media\/1337"}],"wp:attachment":[{"href":"https:\/\/www.tecnoimpianti-riccione.com\/it\/en\/wp-json\/wp\/v2\/media?parent=134"}],"wp:term":[{"taxonomy":"product_brand","embeddable":true,"href":"https:\/\/www.tecnoimpianti-riccione.com\/it\/en\/wp-json\/wp\/v2\/product_brand?post=134"},{"taxonomy":"product_cat","embeddable":true,"href":"https:\/\/www.tecnoimpianti-riccione.com\/it\/en\/wp-json\/wp\/v2\/product_cat?post=134"},{"taxonomy":"product_tag","embeddable":true,"href":"https:\/\/www.tecnoimpianti-riccione.com\/it\/en\/wp-json\/wp\/v2\/product_tag?post=134"}],"curies":[{"name":"wp","href":"https:\/\/api.w.org\/{rel}","templated":true}]}}