{"id":301,"date":"2025-02-25T15:39:14","date_gmt":"2025-02-25T14:39:14","guid":{"rendered":"http:\/\/tecnoimpianti-riccione.local\/?post_type=product&#038;p=301"},"modified":"2026-04-29T12:19:14","modified_gmt":"2026-04-29T10:19:14","slug":"mini-bins","status":"publish","type":"product","link":"https:\/\/www.tecnoimpianti-riccione.com\/it\/en\/product\/mini-bins\/","title":{"rendered":"Mini Bins"},"content":{"rendered":"<p data-start=\"670\" data-end=\"862\">MINI BINS \u00e8 un impianto industriale di dimensioni ridotte, progettato per la rifinitura dei molluschi e utilizzabile, in alternativa, per lo stoccaggio di crostacei, ideale per pescherie e piccoli ingrossi.<\/p>\n<p data-start=\"869\" data-end=\"1135\">Come tutti i nostri prodotti, l\u2019impianto \u00e8 stato ideato, progettato e realizzato per offrire il massimo delle prestazioni, della versatilit\u00e0 e della semplicit\u00e0 d\u2019uso, a fronte di un costo di esercizio ridotto, senza rinunciare alla qualit\u00e0 e alla durata nel tempo.<\/p>\n<p data-start=\"1142\" data-end=\"1443\">Sviluppato sulla base di numerose esperienze e progetti realizzati su misura per un numero significativo di clienti, MINI BINS consente di mantenere il prodotto ittico in vasca vivo e vitale, come appena pescato \u2014 anzi, in condizioni anche migliori \u2014 garantendo condizioni igienico-sanitarie ottimali.<\/p>\n<h3 class=\"isselectedend\"><strong>Versione standard<\/strong><\/h3>\n<p class=\"isselectedend\">\u2022 Dimensioni : mm 1900 x 930 x 1830 h<br \/>\n\u2022 Voltaggio: 220 V<\/p>\n<h3><strong>Optional\u00a0<\/strong><\/h3>\n<p>\u2022 Possibilit\u00e0 di personalizzazione con integrazione di un ulteriore contenitore di stoccaggio oppure collegamento a una vasca espositiva per l\u2019area vendita<br \/>\n\u2022 Configurazione personalizzabile in base alla destinazione d\u2019uso: molluschi o crostacei<\/p>","protected":false},"excerpt":{"rendered":"<p>MINI BINS \u00e8 un impianto industriale di dimensioni ridotte, progettato per la rifinitura dei molluschi e utilizzabile, in alternativa, per lo stoccaggio di crostacei, ideale per pescherie e piccoli ingrossi. Come tutti i nostri prodotti, l\u2019impianto \u00e8 stato ideato, progettato e realizzato per offrire il massimo delle prestazioni, della versatilit\u00e0 e della semplicit\u00e0 d\u2019uso, a fronte di un costo di esercizio ridotto, senza rinunciare alla qualit\u00e0 e alla durata nel tempo. Sviluppato sulla base di numerose esperienze e progetti realizzati su misura per un numero significativo di clienti, MINI BINS consente di mantenere il prodotto ittico in vasca vivo e vitale, come appena pescato \u2014 anzi, in condizioni anche migliori \u2014 garantendo condizioni igienico-sanitarie ottimali. Versione standard \u2022 Dimensioni : mm 1900 x 930 x 1830 h \u2022 Voltaggio: 220 V Optional\u00a0 \u2022 Possibilit\u00e0 di personalizzazione con integrazione di un ulteriore contenitore di stoccaggio oppure collegamento a una vasca espositiva per l\u2019area vendita \u2022 Configurazione personalizzabile in base alla destinazione d\u2019uso: molluschi o crostacei<\/p>","protected":false},"featured_media":2231,"template":"","meta":[],"product_brand":[],"product_cat":[19],"product_tag":[],"class_list":{"0":"post-301","1":"product","2":"type-product","3":"status-publish","4":"has-post-thumbnail","6":"product_cat-impianti-di-depurazione-molluschi","8":"first","9":"instock","10":"shipping-taxable","11":"product-type-simple"},"yoast_head":"<!-- This site is optimized with the Yoast SEO plugin v27.5 - https:\/\/yoast.com\/product\/yoast-seo-wordpress\/ -->\n<title>Mini Bins - Tecnoimpianti Riccione<\/title>\n<meta name=\"robots\" content=\"index, follow, max-snippet:-1, max-image-preview:large, max-video-preview:-1\" \/>\n<link rel=\"canonical\" href=\"https:\/\/www.tecnoimpianti-riccione.com\/it\/en\/product\/mini-bins\/\" \/>\n<meta property=\"og:locale\" content=\"en_US\" \/>\n<meta property=\"og:type\" content=\"article\" \/>\n<meta property=\"og:title\" content=\"Mini Bins - Tecnoimpianti Riccione\" \/>\n<meta property=\"og:description\" content=\"MINI BINS \u00e8 un impianto industriale di dimensioni ridotte, progettato per la rifinitura dei molluschi e utilizzabile, in alternativa, per lo stoccaggio di crostacei, ideale per pescherie e piccoli ingrossi. Come tutti i nostri prodotti, l\u2019impianto \u00e8 stato ideato, progettato e realizzato per offrire il massimo delle prestazioni, della versatilit\u00e0 e della semplicit\u00e0 d\u2019uso, a fronte di un costo di esercizio ridotto, senza rinunciare alla qualit\u00e0 e alla durata nel tempo. Sviluppato sulla base di numerose esperienze e progetti realizzati su misura per un numero significativo di clienti, MINI BINS consente di mantenere il prodotto ittico in vasca vivo e vitale, come appena pescato \u2014 anzi, in condizioni anche migliori \u2014 garantendo condizioni igienico-sanitarie ottimali. Versione standard \u2022 Dimensioni : mm 1900 x 930 x 1830 h \u2022 Voltaggio: 220 V Optional\u00a0 \u2022 Possibilit\u00e0 di personalizzazione con integrazione di un ulteriore contenitore di stoccaggio oppure collegamento a una vasca espositiva per l\u2019area vendita \u2022 Configurazione personalizzabile in base alla destinazione d\u2019uso: molluschi o crostacei\" \/>\n<meta property=\"og:url\" content=\"https:\/\/www.tecnoimpianti-riccione.com\/it\/en\/product\/mini-bins\/\" \/>\n<meta property=\"og:site_name\" content=\"Tecnoimpianti Riccione\" \/>\n<meta property=\"article:modified_time\" content=\"2026-04-29T10:19:14+00:00\" \/>\n<meta property=\"og:image\" content=\"https:\/\/www.tecnoimpianti-riccione.com\/wp-content\/uploads\/2025\/02\/Mini-Bins.png\" \/>\n\t<meta property=\"og:image:width\" content=\"1000\" \/>\n\t<meta property=\"og:image:height\" content=\"997\" \/>\n\t<meta property=\"og:image:type\" content=\"image\/png\" \/>\n<meta name=\"twitter:card\" content=\"summary_large_image\" \/>\n<meta name=\"twitter:label1\" content=\"Est. reading time\" \/>\n\t<meta name=\"twitter:data1\" content=\"1 minute\" \/>\n<script type=\"application\/ld+json\" class=\"yoast-schema-graph\">{\"@context\":\"https:\\\/\\\/schema.org\",\"@graph\":[{\"@type\":\"WebPage\",\"@id\":\"https:\\\/\\\/www.tecnoimpianti-riccione.com\\\/it\\\/prodotto\\\/mini-bins\\\/\",\"url\":\"https:\\\/\\\/www.tecnoimpianti-riccione.com\\\/it\\\/prodotto\\\/mini-bins\\\/\",\"name\":\"Mini Bins - Tecnoimpianti Riccione\",\"isPartOf\":{\"@id\":\"https:\\\/\\\/www.tecnoimpianti-riccione.com\\\/it\\\/#website\"},\"primaryImageOfPage\":{\"@id\":\"https:\\\/\\\/www.tecnoimpianti-riccione.com\\\/it\\\/prodotto\\\/mini-bins\\\/#primaryimage\"},\"image\":{\"@id\":\"https:\\\/\\\/www.tecnoimpianti-riccione.com\\\/it\\\/prodotto\\\/mini-bins\\\/#primaryimage\"},\"thumbnailUrl\":\"https:\\\/\\\/www.tecnoimpianti-riccione.com\\\/wp-content\\\/uploads\\\/2025\\\/02\\\/Mini-Bins.png\",\"datePublished\":\"2025-02-25T14:39:14+00:00\",\"dateModified\":\"2026-04-29T10:19:14+00:00\",\"breadcrumb\":{\"@id\":\"https:\\\/\\\/www.tecnoimpianti-riccione.com\\\/it\\\/prodotto\\\/mini-bins\\\/#breadcrumb\"},\"inLanguage\":\"en-US\",\"potentialAction\":[{\"@type\":\"ReadAction\",\"target\":[\"https:\\\/\\\/www.tecnoimpianti-riccione.com\\\/it\\\/prodotto\\\/mini-bins\\\/\"]}]},{\"@type\":\"ImageObject\",\"inLanguage\":\"en-US\",\"@id\":\"https:\\\/\\\/www.tecnoimpianti-riccione.com\\\/it\\\/prodotto\\\/mini-bins\\\/#primaryimage\",\"url\":\"https:\\\/\\\/www.tecnoimpianti-riccione.com\\\/wp-content\\\/uploads\\\/2025\\\/02\\\/Mini-Bins.png\",\"contentUrl\":\"https:\\\/\\\/www.tecnoimpianti-riccione.com\\\/wp-content\\\/uploads\\\/2025\\\/02\\\/Mini-Bins.png\",\"width\":1000,\"height\":997},{\"@type\":\"BreadcrumbList\",\"@id\":\"https:\\\/\\\/www.tecnoimpianti-riccione.com\\\/it\\\/prodotto\\\/mini-bins\\\/#breadcrumb\",\"itemListElement\":[{\"@type\":\"ListItem\",\"position\":1,\"name\":\"Home\",\"item\":\"https:\\\/\\\/www.tecnoimpianti-riccione.com\\\/it\\\/\"},{\"@type\":\"ListItem\",\"position\":2,\"name\":\"Shop\",\"item\":\"https:\\\/\\\/www.tecnoimpianti-riccione.com\\\/it\\\/negozio\\\/\"},{\"@type\":\"ListItem\",\"position\":3,\"name\":\"Mini Bins\"}]},{\"@type\":\"WebSite\",\"@id\":\"https:\\\/\\\/www.tecnoimpianti-riccione.com\\\/it\\\/#website\",\"url\":\"https:\\\/\\\/www.tecnoimpianti-riccione.com\\\/it\\\/\",\"name\":\"Tecnoimpianti Riccione\",\"description\":\"\",\"publisher\":{\"@id\":\"https:\\\/\\\/www.tecnoimpianti-riccione.com\\\/it\\\/#organization\"},\"potentialAction\":[{\"@type\":\"SearchAction\",\"target\":{\"@type\":\"EntryPoint\",\"urlTemplate\":\"https:\\\/\\\/www.tecnoimpianti-riccione.com\\\/it\\\/?s={search_term_string}\"},\"query-input\":{\"@type\":\"PropertyValueSpecification\",\"valueRequired\":true,\"valueName\":\"search_term_string\"}}],\"inLanguage\":\"en-US\"},{\"@type\":\"Organization\",\"@id\":\"https:\\\/\\\/www.tecnoimpianti-riccione.com\\\/it\\\/#organization\",\"name\":\"Tecnoimpianti Riccione\",\"url\":\"https:\\\/\\\/www.tecnoimpianti-riccione.com\\\/it\\\/\",\"logo\":{\"@type\":\"ImageObject\",\"inLanguage\":\"en-US\",\"@id\":\"https:\\\/\\\/www.tecnoimpianti-riccione.com\\\/it\\\/#\\\/schema\\\/logo\\\/image\\\/\",\"url\":\"https:\\\/\\\/www.tecnoimpianti-riccione.com\\\/wp-content\\\/uploads\\\/2025\\\/02\\\/logo-30-blu.png\",\"contentUrl\":\"https:\\\/\\\/www.tecnoimpianti-riccione.com\\\/wp-content\\\/uploads\\\/2025\\\/02\\\/logo-30-blu.png\",\"width\":600,\"height\":207,\"caption\":\"Tecnoimpianti Riccione\"},\"image\":{\"@id\":\"https:\\\/\\\/www.tecnoimpianti-riccione.com\\\/it\\\/#\\\/schema\\\/logo\\\/image\\\/\"}}]}<\/script>\n<!-- \/ Yoast SEO plugin. -->","yoast_head_json":{"title":"Mini Bins - Tecnoimpianti Riccione","robots":{"index":"index","follow":"follow","max-snippet":"max-snippet:-1","max-image-preview":"max-image-preview:large","max-video-preview":"max-video-preview:-1"},"canonical":"https:\/\/www.tecnoimpianti-riccione.com\/it\/en\/product\/mini-bins\/","og_locale":"en_US","og_type":"article","og_title":"Mini Bins - Tecnoimpianti Riccione","og_description":"MINI BINS \u00e8 un impianto industriale di dimensioni ridotte, progettato per la rifinitura dei molluschi e utilizzabile, in alternativa, per lo stoccaggio di crostacei, ideale per pescherie e piccoli ingrossi. Come tutti i nostri prodotti, l\u2019impianto \u00e8 stato ideato, progettato e realizzato per offrire il massimo delle prestazioni, della versatilit\u00e0 e della semplicit\u00e0 d\u2019uso, a fronte di un costo di esercizio ridotto, senza rinunciare alla qualit\u00e0 e alla durata nel tempo. Sviluppato sulla base di numerose esperienze e progetti realizzati su misura per un numero significativo di clienti, MINI BINS consente di mantenere il prodotto ittico in vasca vivo e vitale, come appena pescato \u2014 anzi, in condizioni anche migliori \u2014 garantendo condizioni igienico-sanitarie ottimali. Versione standard \u2022 Dimensioni : mm 1900 x 930 x 1830 h \u2022 Voltaggio: 220 V Optional\u00a0 \u2022 Possibilit\u00e0 di personalizzazione con integrazione di un ulteriore contenitore di stoccaggio oppure collegamento a una vasca espositiva per l\u2019area vendita \u2022 Configurazione personalizzabile in base alla destinazione d\u2019uso: molluschi o crostacei","og_url":"https:\/\/www.tecnoimpianti-riccione.com\/it\/en\/product\/mini-bins\/","og_site_name":"Tecnoimpianti Riccione","article_modified_time":"2026-04-29T10:19:14+00:00","og_image":[{"width":1000,"height":997,"url":"https:\/\/www.tecnoimpianti-riccione.com\/wp-content\/uploads\/2025\/02\/Mini-Bins.png","type":"image\/png"}],"twitter_card":"summary_large_image","twitter_misc":{"Est. reading time":"1 minute"},"schema":{"@context":"https:\/\/schema.org","@graph":[{"@type":"WebPage","@id":"https:\/\/www.tecnoimpianti-riccione.com\/it\/prodotto\/mini-bins\/","url":"https:\/\/www.tecnoimpianti-riccione.com\/it\/prodotto\/mini-bins\/","name":"Mini Bins - Tecnoimpianti Riccione","isPartOf":{"@id":"https:\/\/www.tecnoimpianti-riccione.com\/it\/#website"},"primaryImageOfPage":{"@id":"https:\/\/www.tecnoimpianti-riccione.com\/it\/prodotto\/mini-bins\/#primaryimage"},"image":{"@id":"https:\/\/www.tecnoimpianti-riccione.com\/it\/prodotto\/mini-bins\/#primaryimage"},"thumbnailUrl":"https:\/\/www.tecnoimpianti-riccione.com\/wp-content\/uploads\/2025\/02\/Mini-Bins.png","datePublished":"2025-02-25T14:39:14+00:00","dateModified":"2026-04-29T10:19:14+00:00","breadcrumb":{"@id":"https:\/\/www.tecnoimpianti-riccione.com\/it\/prodotto\/mini-bins\/#breadcrumb"},"inLanguage":"en-US","potentialAction":[{"@type":"ReadAction","target":["https:\/\/www.tecnoimpianti-riccione.com\/it\/prodotto\/mini-bins\/"]}]},{"@type":"ImageObject","inLanguage":"en-US","@id":"https:\/\/www.tecnoimpianti-riccione.com\/it\/prodotto\/mini-bins\/#primaryimage","url":"https:\/\/www.tecnoimpianti-riccione.com\/wp-content\/uploads\/2025\/02\/Mini-Bins.png","contentUrl":"https:\/\/www.tecnoimpianti-riccione.com\/wp-content\/uploads\/2025\/02\/Mini-Bins.png","width":1000,"height":997},{"@type":"BreadcrumbList","@id":"https:\/\/www.tecnoimpianti-riccione.com\/it\/prodotto\/mini-bins\/#breadcrumb","itemListElement":[{"@type":"ListItem","position":1,"name":"Home","item":"https:\/\/www.tecnoimpianti-riccione.com\/it\/"},{"@type":"ListItem","position":2,"name":"Shop","item":"https:\/\/www.tecnoimpianti-riccione.com\/it\/negozio\/"},{"@type":"ListItem","position":3,"name":"Mini Bins"}]},{"@type":"WebSite","@id":"https:\/\/www.tecnoimpianti-riccione.com\/it\/#website","url":"https:\/\/www.tecnoimpianti-riccione.com\/it\/","name":"Tecnoimpianti Riccione","description":"","publisher":{"@id":"https:\/\/www.tecnoimpianti-riccione.com\/it\/#organization"},"potentialAction":[{"@type":"SearchAction","target":{"@type":"EntryPoint","urlTemplate":"https:\/\/www.tecnoimpianti-riccione.com\/it\/?s={search_term_string}"},"query-input":{"@type":"PropertyValueSpecification","valueRequired":true,"valueName":"search_term_string"}}],"inLanguage":"en-US"},{"@type":"Organization","@id":"https:\/\/www.tecnoimpianti-riccione.com\/it\/#organization","name":"Tecnoimpianti Riccione","url":"https:\/\/www.tecnoimpianti-riccione.com\/it\/","logo":{"@type":"ImageObject","inLanguage":"en-US","@id":"https:\/\/www.tecnoimpianti-riccione.com\/it\/#\/schema\/logo\/image\/","url":"https:\/\/www.tecnoimpianti-riccione.com\/wp-content\/uploads\/2025\/02\/logo-30-blu.png","contentUrl":"https:\/\/www.tecnoimpianti-riccione.com\/wp-content\/uploads\/2025\/02\/logo-30-blu.png","width":600,"height":207,"caption":"Tecnoimpianti Riccione"},"image":{"@id":"https:\/\/www.tecnoimpianti-riccione.com\/it\/#\/schema\/logo\/image\/"}}]}},"_links":{"self":[{"href":"https:\/\/www.tecnoimpianti-riccione.com\/it\/en\/wp-json\/wp\/v2\/product\/301","targetHints":{"allow":["GET"]}}],"collection":[{"href":"https:\/\/www.tecnoimpianti-riccione.com\/it\/en\/wp-json\/wp\/v2\/product"}],"about":[{"href":"https:\/\/www.tecnoimpianti-riccione.com\/it\/en\/wp-json\/wp\/v2\/types\/product"}],"wp:featuredmedia":[{"embeddable":true,"href":"https:\/\/www.tecnoimpianti-riccione.com\/it\/en\/wp-json\/wp\/v2\/media\/2231"}],"wp:attachment":[{"href":"https:\/\/www.tecnoimpianti-riccione.com\/it\/en\/wp-json\/wp\/v2\/media?parent=301"}],"wp:term":[{"taxonomy":"product_brand","embeddable":true,"href":"https:\/\/www.tecnoimpianti-riccione.com\/it\/en\/wp-json\/wp\/v2\/product_brand?post=301"},{"taxonomy":"product_cat","embeddable":true,"href":"https:\/\/www.tecnoimpianti-riccione.com\/it\/en\/wp-json\/wp\/v2\/product_cat?post=301"},{"taxonomy":"product_tag","embeddable":true,"href":"https:\/\/www.tecnoimpianti-riccione.com\/it\/en\/wp-json\/wp\/v2\/product_tag?post=301"}],"curies":[{"name":"wp","href":"https:\/\/api.w.org\/{rel}","templated":true}]}}