{"id":426,"date":"2025-02-26T10:45:53","date_gmt":"2025-02-26T09:45:53","guid":{"rendered":"http:\/\/tecnoimpianti-riccione.local\/about-us\/"},"modified":"2026-04-23T13:19:44","modified_gmt":"2026-04-23T11:19:44","slug":"chi-siamo","status":"publish","type":"page","link":"https:\/\/www.tecnoimpianti-riccione.com\/it\/chi-siamo\/","title":{"rendered":"Chi Siamo"},"content":{"rendered":"\t\t<div data-elementor-type=\"wp-page\" data-elementor-id=\"426\" class=\"elementor elementor-426\" data-elementor-post-type=\"page\">\n\t\t\t\t<div class=\"elementor-element elementor-element-7a44fbb1 e-con-full e-flex wpr-particle-no wpr-jarallax-no wpr-parallax-no wpr-sticky-section-no wpr-column-slider-no wpr-equal-height-no e-con e-parent\" data-id=\"7a44fbb1\" data-element_type=\"container\" data-e-type=\"container\">\n\t\t<div class=\"elementor-element elementor-element-76ed060e e-con-full e-flex wpr-particle-no wpr-jarallax-no wpr-parallax-no wpr-sticky-section-no wpr-column-slider-no wpr-equal-height-no e-con e-child\" data-id=\"76ed060e\" data-element_type=\"container\" data-e-type=\"container\">\n\t\t\t\t<div class=\"elementor-element elementor-element-73bc8779 elementor-invisible elementor-widget elementor-widget-heading\" data-id=\"73bc8779\" data-element_type=\"widget\" data-e-type=\"widget\" data-settings=\"{&quot;_animation&quot;:&quot;fadeIn&quot;}\" data-widget_type=\"heading.default\">\n\t\t\t\t<div class=\"elementor-widget-container\">\n\t\t\t\t\t<h2 class=\"elementor-heading-title elementor-size-default\">dal 1990, il mare a portata di mano<\/h2>\t\t\t\t<\/div>\n\t\t\t\t<\/div>\n\t\t\t\t<div class=\"elementor-element elementor-element-1ca15cec elementor-invisible elementor-widget elementor-widget-text-editor\" data-id=\"1ca15cec\" data-element_type=\"widget\" data-e-type=\"widget\" data-settings=\"{&quot;_animation&quot;:&quot;fadeIn&quot;,&quot;_animation_delay&quot;:200}\" data-widget_type=\"text-editor.default\">\n\t\t\t\t<div class=\"elementor-widget-container\">\n\t\t\t\t\t\t\t\t\t<p data-start=\"131\" data-end=\"336\"><strong data-start=\"131\" data-end=\"334\">Siamo specializzati nella progettazione e realizzazione di acquari vivai, impianti per il mantenimento di crostacei e pesci, sistemi di depurazione per molluschi e arredi professionali per pescherie.<\/strong><\/p><p data-start=\"338\" data-end=\"666\">Dal 1990 <strong data-start=\"347\" data-end=\"390\">offriamo soluzioni complete e su misura<\/strong>, seguendo ogni fase: dalla progettazione alla produzione, dalla commercializzazione all\u2019assistenza post-vendita. I nostri impianti sono progettati per essere <strong data-start=\"549\" data-end=\"592\">facili da gestire, a bassa manutenzione<\/strong> e per valorizzare il prodotto, esposto vivo e vitale fino alla vendita.<\/p><p data-start=\"668\" data-end=\"854\">La nostra forza \u00e8 il <strong data-start=\"689\" data-end=\"704\">passaparola<\/strong>: clienti che ci scelgono e ci consigliano perch\u00e9 ci considerano veri partner, grazie a un rapporto basato su fiducia, disponibilit\u00e0 e flessibilit\u00e0.<\/p><p data-start=\"856\" data-end=\"1055\">Collaboriamo con <strong data-start=\"873\" data-end=\"966\">grandi marchi della GDO, centri di depurazione, ristoranti e pescherie di ogni dimensione<\/strong>, garantendo sempre la massima cura, competenza e attenzione alle esigenze di ciascuno.<\/p>\t\t\t\t\t\t\t\t<\/div>\n\t\t\t\t<\/div>\n\t\t\t\t<\/div>\n\t\t<div class=\"elementor-element elementor-element-4fe796fe e-con-full e-flex wpr-particle-no wpr-jarallax-no wpr-parallax-no wpr-sticky-section-no wpr-column-slider-no wpr-equal-height-no e-con e-child\" data-id=\"4fe796fe\" data-element_type=\"container\" data-e-type=\"container\" data-settings=\"{&quot;background_background&quot;:&quot;classic&quot;}\">\n\t\t\t\t<\/div>\n\t\t\t\t<\/div>\n\t\t<div class=\"elementor-element elementor-element-751c2ca e-con-full e-flex wpr-particle-no wpr-jarallax-no wpr-parallax-no wpr-sticky-section-no wpr-column-slider-no wpr-equal-height-no e-con e-parent\" data-id=\"751c2ca\" data-element_type=\"container\" data-e-type=\"container\">\n\t\t<div class=\"elementor-element elementor-element-04d5a4f e-con-full e-flex wpr-particle-no wpr-jarallax-no wpr-parallax-no wpr-sticky-section-no wpr-column-slider-no wpr-equal-height-no e-con e-child\" data-id=\"04d5a4f\" data-element_type=\"container\" data-e-type=\"container\" data-settings=\"{&quot;background_background&quot;:&quot;classic&quot;}\">\n\t\t\t\t<div class=\"elementor-element elementor-element-2e6b21f elementor-widget elementor-widget-image\" data-id=\"2e6b21f\" data-element_type=\"widget\" data-e-type=\"widget\" data-widget_type=\"image.default\">\n\t\t\t\t<div class=\"elementor-widget-container\">\n\t\t\t\t\t\t\t\t\t\t\t\t\t\t\t<img fetchpriority=\"high\" decoding=\"async\" width=\"800\" height=\"511\" src=\"https:\/\/www.tecnoimpianti-riccione.com\/wp-content\/uploads\/2026\/04\/mappa-1024x654.png\" class=\"attachment-large size-large wp-image-2212\" alt=\"\" srcset=\"https:\/\/www.tecnoimpianti-riccione.com\/wp-content\/uploads\/2026\/04\/mappa-1024x654.png 1024w, https:\/\/www.tecnoimpianti-riccione.com\/wp-content\/uploads\/2026\/04\/mappa-300x192.png 300w, https:\/\/www.tecnoimpianti-riccione.com\/wp-content\/uploads\/2026\/04\/mappa-768x490.png 768w, https:\/\/www.tecnoimpianti-riccione.com\/wp-content\/uploads\/2026\/04\/mappa-1536x981.png 1536w, https:\/\/www.tecnoimpianti-riccione.com\/wp-content\/uploads\/2026\/04\/mappa-600x383.png 600w, https:\/\/www.tecnoimpianti-riccione.com\/wp-content\/uploads\/2026\/04\/mappa.png 1569w\" sizes=\"(max-width: 800px) 100vw, 800px\" \/>\t\t\t\t\t\t\t\t\t\t\t\t\t\t\t<\/div>\n\t\t\t\t<\/div>\n\t\t\t\t<\/div>\n\t\t<div class=\"elementor-element elementor-element-fea05b8 e-con-full e-flex wpr-particle-no wpr-jarallax-no wpr-parallax-no wpr-sticky-section-no wpr-column-slider-no wpr-equal-height-no e-con e-child\" data-id=\"fea05b8\" data-element_type=\"container\" data-e-type=\"container\">\n\t\t\t\t<div class=\"elementor-element elementor-element-1b6aa7a elementor-invisible elementor-widget elementor-widget-heading\" data-id=\"1b6aa7a\" data-element_type=\"widget\" data-e-type=\"widget\" data-settings=\"{&quot;_animation&quot;:&quot;fadeIn&quot;}\" data-widget_type=\"heading.default\">\n\t\t\t\t<div class=\"elementor-widget-container\">\n\t\t\t\t\t<h2 class=\"elementor-heading-title elementor-size-default\">La nostra presenza nel mondo<\/h2>\t\t\t\t<\/div>\n\t\t\t\t<\/div>\n\t\t\t\t<div class=\"elementor-element elementor-element-e4f7937 elementor-invisible elementor-widget elementor-widget-text-editor\" data-id=\"e4f7937\" data-element_type=\"widget\" data-e-type=\"widget\" data-settings=\"{&quot;_animation&quot;:&quot;fadeIn&quot;,&quot;_animation_delay&quot;:200}\" data-widget_type=\"text-editor.default\">\n\t\t\t\t<div class=\"elementor-widget-container\">\n\t\t\t\t\t\t\t\t\t<p>Operiamo in tutta Italia e all\u2019estero, con una crescita continua guidata da un forte impegno verso la qualit\u00e0, l\u2019innovazione e la soddisfazione del cliente. Investiamo costantemente in ricerca, tecnologia e design, combinando precisione ingegneristica e cura artigianale.<\/p><p>Ogni impianto \u00e8 affidabile, performante, esteticamente curato e progettato per durare. Garantiamo inoltre un servizio di assistenza post-vendita diretto e qualificato, con il supporto degli stessi tecnici che hanno realizzato gli impianti.<\/p><p>Il nostro obiettivo \u00e8 semplice: valorizzare i vostri prodotti, mantenendoli vivi, vitali e visibili fino alla vendita. Per il vostro massimo successo commerciale.<\/p>\t\t\t\t\t\t\t\t<\/div>\n\t\t\t\t<\/div>\n\t\t\t\t<\/div>\n\t\t\t\t<\/div>\n\t\t\t\t<\/div>\n\t\t","protected":false},"excerpt":{"rendered":"<p>dal 1990, il mare a portata di mano Siamo specializzati nella progettazione e realizzazione di acquari vivai, impianti per il mantenimento di crostacei e pesci, sistemi di depurazione per molluschi e arredi professionali per pescherie. Dal 1990 offriamo soluzioni complete e su misura, seguendo ogni fase: dalla progettazione alla produzione, dalla commercializzazione all\u2019assistenza post-vendita. I nostri impianti sono progettati per essere facili da gestire, a bassa manutenzione e per valorizzare il prodotto, esposto vivo e vitale fino alla vendita. La nostra forza \u00e8 il passaparola: clienti che ci scelgono e ci consigliano perch\u00e9 ci considerano veri partner, grazie a un rapporto basato su fiducia, disponibilit\u00e0 e flessibilit\u00e0. Collaboriamo con grandi marchi della GDO, centri di depurazione, ristoranti e pescherie di ogni dimensione, garantendo sempre la massima cura, competenza e attenzione alle esigenze di ciascuno. La nostra presenza nel mondo Operiamo in tutta Italia e all\u2019estero, con una crescita continua guidata da un forte impegno verso la qualit\u00e0, l\u2019innovazione e la soddisfazione del cliente. Investiamo costantemente in ricerca, tecnologia e design, combinando precisione ingegneristica e cura artigianale. Ogni impianto \u00e8 affidabile, performante, esteticamente curato e progettato per durare. Garantiamo inoltre un servizio di assistenza post-vendita diretto e qualificato, con il supporto degli stessi tecnici che hanno realizzato gli impianti. Il nostro obiettivo \u00e8 semplice: valorizzare i vostri prodotti, mantenendoli vivi, vitali e visibili fino alla vendita. Per il vostro massimo successo commerciale.<\/p>\n","protected":false},"author":1,"featured_media":0,"parent":0,"menu_order":0,"comment_status":"closed","ping_status":"closed","template":"elementor_header_footer","meta":{"footnotes":""},"class_list":["post-426","page","type-page","status-publish","hentry"],"yoast_head":"<!-- This site is optimized with the Yoast SEO plugin v27.5 - https:\/\/yoast.com\/product\/yoast-seo-wordpress\/ -->\n<title>Chi Siamo - Tecnoimpianti Riccione<\/title>\n<meta name=\"robots\" content=\"index, follow, max-snippet:-1, max-image-preview:large, max-video-preview:-1\" \/>\n<link rel=\"canonical\" href=\"https:\/\/www.tecnoimpianti-riccione.com\/it\/chi-siamo\/\" \/>\n<meta property=\"og:locale\" content=\"it_IT\" \/>\n<meta property=\"og:type\" content=\"article\" \/>\n<meta property=\"og:title\" content=\"Chi Siamo - Tecnoimpianti Riccione\" \/>\n<meta property=\"og:description\" content=\"dal 1990, il mare a portata di mano Siamo specializzati nella progettazione e realizzazione di acquari vivai, impianti per il mantenimento di crostacei e pesci, sistemi di depurazione per molluschi e arredi professionali per pescherie. Dal 1990 offriamo soluzioni complete e su misura, seguendo ogni fase: dalla progettazione alla produzione, dalla commercializzazione all\u2019assistenza post-vendita. I nostri impianti sono progettati per essere facili da gestire, a bassa manutenzione e per valorizzare il prodotto, esposto vivo e vitale fino alla vendita. La nostra forza \u00e8 il passaparola: clienti che ci scelgono e ci consigliano perch\u00e9 ci considerano veri partner, grazie a un rapporto basato su fiducia, disponibilit\u00e0 e flessibilit\u00e0. Collaboriamo con grandi marchi della GDO, centri di depurazione, ristoranti e pescherie di ogni dimensione, garantendo sempre la massima cura, competenza e attenzione alle esigenze di ciascuno. La nostra presenza nel mondo Operiamo in tutta Italia e all\u2019estero, con una crescita continua guidata da un forte impegno verso la qualit\u00e0, l\u2019innovazione e la soddisfazione del cliente. Investiamo costantemente in ricerca, tecnologia e design, combinando precisione ingegneristica e cura artigianale. Ogni impianto \u00e8 affidabile, performante, esteticamente curato e progettato per durare. Garantiamo inoltre un servizio di assistenza post-vendita diretto e qualificato, con il supporto degli stessi tecnici che hanno realizzato gli impianti. Il nostro obiettivo \u00e8 semplice: valorizzare i vostri prodotti, mantenendoli vivi, vitali e visibili fino alla vendita. Per il vostro massimo successo commerciale.\" \/>\n<meta property=\"og:url\" content=\"https:\/\/www.tecnoimpianti-riccione.com\/it\/chi-siamo\/\" \/>\n<meta property=\"og:site_name\" content=\"Tecnoimpianti Riccione\" \/>\n<meta property=\"article:modified_time\" content=\"2026-04-23T11:19:44+00:00\" \/>\n<meta property=\"og:image\" content=\"https:\/\/www.tecnoimpianti-riccione.com\/wp-content\/uploads\/2026\/04\/mappa-1024x654.png\" \/>\n<meta name=\"twitter:card\" content=\"summary_large_image\" \/>\n<meta name=\"twitter:label1\" content=\"Tempo di lettura stimato\" \/>\n\t<meta name=\"twitter:data1\" content=\"2 minuti\" \/>\n<script type=\"application\/ld+json\" class=\"yoast-schema-graph\">{\"@context\":\"https:\\\/\\\/schema.org\",\"@graph\":[{\"@type\":\"WebPage\",\"@id\":\"https:\\\/\\\/www.tecnoimpianti-riccione.com\\\/it\\\/chi-siamo\\\/\",\"url\":\"https:\\\/\\\/www.tecnoimpianti-riccione.com\\\/it\\\/chi-siamo\\\/\",\"name\":\"Chi Siamo - Tecnoimpianti Riccione\",\"isPartOf\":{\"@id\":\"https:\\\/\\\/www.tecnoimpianti-riccione.com\\\/it\\\/#website\"},\"primaryImageOfPage\":{\"@id\":\"https:\\\/\\\/www.tecnoimpianti-riccione.com\\\/it\\\/chi-siamo\\\/#primaryimage\"},\"image\":{\"@id\":\"https:\\\/\\\/www.tecnoimpianti-riccione.com\\\/it\\\/chi-siamo\\\/#primaryimage\"},\"thumbnailUrl\":\"https:\\\/\\\/www.tecnoimpianti-riccione.com\\\/wp-content\\\/uploads\\\/2026\\\/04\\\/mappa-1024x654.png\",\"datePublished\":\"2025-02-26T09:45:53+00:00\",\"dateModified\":\"2026-04-23T11:19:44+00:00\",\"breadcrumb\":{\"@id\":\"https:\\\/\\\/www.tecnoimpianti-riccione.com\\\/it\\\/chi-siamo\\\/#breadcrumb\"},\"inLanguage\":\"it-IT\",\"potentialAction\":[{\"@type\":\"ReadAction\",\"target\":[\"https:\\\/\\\/www.tecnoimpianti-riccione.com\\\/it\\\/chi-siamo\\\/\"]}]},{\"@type\":\"ImageObject\",\"inLanguage\":\"it-IT\",\"@id\":\"https:\\\/\\\/www.tecnoimpianti-riccione.com\\\/it\\\/chi-siamo\\\/#primaryimage\",\"url\":\"https:\\\/\\\/www.tecnoimpianti-riccione.com\\\/wp-content\\\/uploads\\\/2026\\\/04\\\/mappa-1024x654.png\",\"contentUrl\":\"https:\\\/\\\/www.tecnoimpianti-riccione.com\\\/wp-content\\\/uploads\\\/2026\\\/04\\\/mappa-1024x654.png\"},{\"@type\":\"BreadcrumbList\",\"@id\":\"https:\\\/\\\/www.tecnoimpianti-riccione.com\\\/it\\\/chi-siamo\\\/#breadcrumb\",\"itemListElement\":[{\"@type\":\"ListItem\",\"position\":1,\"name\":\"Home\",\"item\":\"https:\\\/\\\/www.tecnoimpianti-riccione.com\\\/it\\\/\"},{\"@type\":\"ListItem\",\"position\":2,\"name\":\"Chi Siamo\"}]},{\"@type\":\"WebSite\",\"@id\":\"https:\\\/\\\/www.tecnoimpianti-riccione.com\\\/it\\\/#website\",\"url\":\"https:\\\/\\\/www.tecnoimpianti-riccione.com\\\/it\\\/\",\"name\":\"Tecnoimpianti Riccione\",\"description\":\"\",\"publisher\":{\"@id\":\"https:\\\/\\\/www.tecnoimpianti-riccione.com\\\/it\\\/#organization\"},\"potentialAction\":[{\"@type\":\"SearchAction\",\"target\":{\"@type\":\"EntryPoint\",\"urlTemplate\":\"https:\\\/\\\/www.tecnoimpianti-riccione.com\\\/it\\\/?s={search_term_string}\"},\"query-input\":{\"@type\":\"PropertyValueSpecification\",\"valueRequired\":true,\"valueName\":\"search_term_string\"}}],\"inLanguage\":\"it-IT\"},{\"@type\":\"Organization\",\"@id\":\"https:\\\/\\\/www.tecnoimpianti-riccione.com\\\/it\\\/#organization\",\"name\":\"Tecnoimpianti Riccione\",\"url\":\"https:\\\/\\\/www.tecnoimpianti-riccione.com\\\/it\\\/\",\"logo\":{\"@type\":\"ImageObject\",\"inLanguage\":\"it-IT\",\"@id\":\"https:\\\/\\\/www.tecnoimpianti-riccione.com\\\/it\\\/#\\\/schema\\\/logo\\\/image\\\/\",\"url\":\"https:\\\/\\\/www.tecnoimpianti-riccione.com\\\/wp-content\\\/uploads\\\/2025\\\/02\\\/logo-30-blu.png\",\"contentUrl\":\"https:\\\/\\\/www.tecnoimpianti-riccione.com\\\/wp-content\\\/uploads\\\/2025\\\/02\\\/logo-30-blu.png\",\"width\":600,\"height\":207,\"caption\":\"Tecnoimpianti Riccione\"},\"image\":{\"@id\":\"https:\\\/\\\/www.tecnoimpianti-riccione.com\\\/it\\\/#\\\/schema\\\/logo\\\/image\\\/\"}}]}<\/script>\n<!-- \/ Yoast SEO plugin. -->","yoast_head_json":{"title":"Chi Siamo - Tecnoimpianti Riccione","robots":{"index":"index","follow":"follow","max-snippet":"max-snippet:-1","max-image-preview":"max-image-preview:large","max-video-preview":"max-video-preview:-1"},"canonical":"https:\/\/www.tecnoimpianti-riccione.com\/it\/chi-siamo\/","og_locale":"it_IT","og_type":"article","og_title":"Chi Siamo - Tecnoimpianti Riccione","og_description":"dal 1990, il mare a portata di mano Siamo specializzati nella progettazione e realizzazione di acquari vivai, impianti per il mantenimento di crostacei e pesci, sistemi di depurazione per molluschi e arredi professionali per pescherie. Dal 1990 offriamo soluzioni complete e su misura, seguendo ogni fase: dalla progettazione alla produzione, dalla commercializzazione all\u2019assistenza post-vendita. I nostri impianti sono progettati per essere facili da gestire, a bassa manutenzione e per valorizzare il prodotto, esposto vivo e vitale fino alla vendita. La nostra forza \u00e8 il passaparola: clienti che ci scelgono e ci consigliano perch\u00e9 ci considerano veri partner, grazie a un rapporto basato su fiducia, disponibilit\u00e0 e flessibilit\u00e0. Collaboriamo con grandi marchi della GDO, centri di depurazione, ristoranti e pescherie di ogni dimensione, garantendo sempre la massima cura, competenza e attenzione alle esigenze di ciascuno. La nostra presenza nel mondo Operiamo in tutta Italia e all\u2019estero, con una crescita continua guidata da un forte impegno verso la qualit\u00e0, l\u2019innovazione e la soddisfazione del cliente. Investiamo costantemente in ricerca, tecnologia e design, combinando precisione ingegneristica e cura artigianale. Ogni impianto \u00e8 affidabile, performante, esteticamente curato e progettato per durare. Garantiamo inoltre un servizio di assistenza post-vendita diretto e qualificato, con il supporto degli stessi tecnici che hanno realizzato gli impianti. Il nostro obiettivo \u00e8 semplice: valorizzare i vostri prodotti, mantenendoli vivi, vitali e visibili fino alla vendita. Per il vostro massimo successo commerciale.","og_url":"https:\/\/www.tecnoimpianti-riccione.com\/it\/chi-siamo\/","og_site_name":"Tecnoimpianti Riccione","article_modified_time":"2026-04-23T11:19:44+00:00","og_image":[{"url":"https:\/\/www.tecnoimpianti-riccione.com\/wp-content\/uploads\/2026\/04\/mappa-1024x654.png","type":"","width":"","height":""}],"twitter_card":"summary_large_image","twitter_misc":{"Tempo di lettura stimato":"2 minuti"},"schema":{"@context":"https:\/\/schema.org","@graph":[{"@type":"WebPage","@id":"https:\/\/www.tecnoimpianti-riccione.com\/it\/chi-siamo\/","url":"https:\/\/www.tecnoimpianti-riccione.com\/it\/chi-siamo\/","name":"Chi Siamo - Tecnoimpianti Riccione","isPartOf":{"@id":"https:\/\/www.tecnoimpianti-riccione.com\/it\/#website"},"primaryImageOfPage":{"@id":"https:\/\/www.tecnoimpianti-riccione.com\/it\/chi-siamo\/#primaryimage"},"image":{"@id":"https:\/\/www.tecnoimpianti-riccione.com\/it\/chi-siamo\/#primaryimage"},"thumbnailUrl":"https:\/\/www.tecnoimpianti-riccione.com\/wp-content\/uploads\/2026\/04\/mappa-1024x654.png","datePublished":"2025-02-26T09:45:53+00:00","dateModified":"2026-04-23T11:19:44+00:00","breadcrumb":{"@id":"https:\/\/www.tecnoimpianti-riccione.com\/it\/chi-siamo\/#breadcrumb"},"inLanguage":"it-IT","potentialAction":[{"@type":"ReadAction","target":["https:\/\/www.tecnoimpianti-riccione.com\/it\/chi-siamo\/"]}]},{"@type":"ImageObject","inLanguage":"it-IT","@id":"https:\/\/www.tecnoimpianti-riccione.com\/it\/chi-siamo\/#primaryimage","url":"https:\/\/www.tecnoimpianti-riccione.com\/wp-content\/uploads\/2026\/04\/mappa-1024x654.png","contentUrl":"https:\/\/www.tecnoimpianti-riccione.com\/wp-content\/uploads\/2026\/04\/mappa-1024x654.png"},{"@type":"BreadcrumbList","@id":"https:\/\/www.tecnoimpianti-riccione.com\/it\/chi-siamo\/#breadcrumb","itemListElement":[{"@type":"ListItem","position":1,"name":"Home","item":"https:\/\/www.tecnoimpianti-riccione.com\/it\/"},{"@type":"ListItem","position":2,"name":"Chi Siamo"}]},{"@type":"WebSite","@id":"https:\/\/www.tecnoimpianti-riccione.com\/it\/#website","url":"https:\/\/www.tecnoimpianti-riccione.com\/it\/","name":"Tecnoimpianti Riccione","description":"","publisher":{"@id":"https:\/\/www.tecnoimpianti-riccione.com\/it\/#organization"},"potentialAction":[{"@type":"SearchAction","target":{"@type":"EntryPoint","urlTemplate":"https:\/\/www.tecnoimpianti-riccione.com\/it\/?s={search_term_string}"},"query-input":{"@type":"PropertyValueSpecification","valueRequired":true,"valueName":"search_term_string"}}],"inLanguage":"it-IT"},{"@type":"Organization","@id":"https:\/\/www.tecnoimpianti-riccione.com\/it\/#organization","name":"Tecnoimpianti Riccione","url":"https:\/\/www.tecnoimpianti-riccione.com\/it\/","logo":{"@type":"ImageObject","inLanguage":"it-IT","@id":"https:\/\/www.tecnoimpianti-riccione.com\/it\/#\/schema\/logo\/image\/","url":"https:\/\/www.tecnoimpianti-riccione.com\/wp-content\/uploads\/2025\/02\/logo-30-blu.png","contentUrl":"https:\/\/www.tecnoimpianti-riccione.com\/wp-content\/uploads\/2025\/02\/logo-30-blu.png","width":600,"height":207,"caption":"Tecnoimpianti Riccione"},"image":{"@id":"https:\/\/www.tecnoimpianti-riccione.com\/it\/#\/schema\/logo\/image\/"}}]}},"_links":{"self":[{"href":"https:\/\/www.tecnoimpianti-riccione.com\/it\/wp-json\/wp\/v2\/pages\/426","targetHints":{"allow":["GET"]}}],"collection":[{"href":"https:\/\/www.tecnoimpianti-riccione.com\/it\/wp-json\/wp\/v2\/pages"}],"about":[{"href":"https:\/\/www.tecnoimpianti-riccione.com\/it\/wp-json\/wp\/v2\/types\/page"}],"author":[{"embeddable":true,"href":"https:\/\/www.tecnoimpianti-riccione.com\/it\/wp-json\/wp\/v2\/users\/1"}],"replies":[{"embeddable":true,"href":"https:\/\/www.tecnoimpianti-riccione.com\/it\/wp-json\/wp\/v2\/comments?post=426"}],"version-history":[{"count":47,"href":"https:\/\/www.tecnoimpianti-riccione.com\/it\/wp-json\/wp\/v2\/pages\/426\/revisions"}],"predecessor-version":[{"id":2215,"href":"https:\/\/www.tecnoimpianti-riccione.com\/it\/wp-json\/wp\/v2\/pages\/426\/revisions\/2215"}],"wp:attachment":[{"href":"https:\/\/www.tecnoimpianti-riccione.com\/it\/wp-json\/wp\/v2\/media?parent=426"}],"curies":[{"name":"wp","href":"https:\/\/api.w.org\/{rel}","templated":true}]}}