{"id":664,"date":"2025-02-28T16:08:53","date_gmt":"2025-02-28T15:08:53","guid":{"rendered":"http:\/\/tecnoimpianti-riccione.local\/?page_id=664"},"modified":"2026-05-07T10:41:17","modified_gmt":"2026-05-07T08:41:17","slug":"video","status":"publish","type":"page","link":"https:\/\/www.tecnoimpianti-riccione.com\/it\/video\/","title":{"rendered":"Video"},"content":{"rendered":"\t\t<div data-elementor-type=\"wp-page\" data-elementor-id=\"664\" class=\"elementor elementor-664\" data-elementor-post-type=\"page\">\n\t\t\t\t<div class=\"elementor-element elementor-element-820e639 e-flex e-con-boxed wpr-particle-no wpr-jarallax-no wpr-parallax-no wpr-sticky-section-no wpr-column-slider-no wpr-equal-height-no e-con e-parent\" data-id=\"820e639\" data-element_type=\"container\" data-e-type=\"container\">\n\t\t\t\t\t<div class=\"e-con-inner\">\n\t\t\t\t<div class=\"elementor-element elementor-element-f2b1fa6 elementor-widget elementor-widget-heading\" data-id=\"f2b1fa6\" data-element_type=\"widget\" data-e-type=\"widget\" data-widget_type=\"heading.default\">\n\t\t\t\t<div class=\"elementor-widget-container\">\n\t\t\t\t\t<h2 class=\"elementor-heading-title elementor-size-default\">Video<\/h2>\t\t\t\t<\/div>\n\t\t\t\t<\/div>\n\t\t\t\t\t<\/div>\n\t\t\t\t<\/div>\n\t\t<div class=\"elementor-element elementor-element-18f5505 e-grid e-con-boxed wpr-particle-no wpr-jarallax-no wpr-parallax-no wpr-sticky-section-no wpr-column-slider-no wpr-equal-height-no e-con e-parent\" data-id=\"18f5505\" data-element_type=\"container\" data-e-type=\"container\">\n\t\t\t\t\t<div class=\"e-con-inner\">\n\t\t<div class=\"elementor-element elementor-element-1c8c0e8 e-con-full e-flex wpr-particle-no wpr-jarallax-no wpr-parallax-no wpr-sticky-section-no wpr-column-slider-no wpr-equal-height-no e-con e-child\" data-id=\"1c8c0e8\" data-element_type=\"container\" data-e-type=\"container\">\n\t\t\t\t<div class=\"elementor-element elementor-element-6296299 elementor-widget elementor-widget-text-editor\" data-id=\"6296299\" data-element_type=\"widget\" data-e-type=\"widget\" data-widget_type=\"text-editor.default\">\n\t\t\t\t<div class=\"elementor-widget-container\">\n\t\t\t\t\t\t\t\t\t<h3>Ristoranti<\/h3>\t\t\t\t\t\t\t\t<\/div>\n\t\t\t\t<\/div>\n\t\t\t\t<div class=\"elementor-element elementor-element-dc7dca4 elementor-widget elementor-widget-image\" data-id=\"dc7dca4\" data-element_type=\"widget\" data-e-type=\"widget\" data-widget_type=\"image.default\">\n\t\t\t\t<div class=\"elementor-widget-container\">\n\t\t\t\t\t\t\t\t\t\t\t\t\t\t\t<img decoding=\"async\" src=\"https:\/\/www.tecnoimpianti-riccione.com\/wp-content\/uploads\/elementor\/thumbs\/Ristoranti-rn3wrldq4mac65a4fuefi8nbpx4afip0k3u28qg49s.jpg\" title=\"Ristoranti\" alt=\"Ristoranti\" loading=\"lazy\" \/>\t\t\t\t\t\t\t\t\t\t\t\t\t\t\t<\/div>\n\t\t\t\t<\/div>\n\t\t\t\t<div class=\"elementor-element elementor-element-9bae166 elementor-align-center elementor-widget elementor-widget-button\" data-id=\"9bae166\" data-element_type=\"widget\" data-e-type=\"widget\" data-widget_type=\"button.default\">\n\t\t\t\t<div class=\"elementor-widget-container\">\n\t\t\t\t\t\t\t\t\t<div class=\"elementor-button-wrapper\">\n\t\t\t\t\t<a class=\"elementor-button elementor-button-link elementor-size-sm\" href=\"https:\/\/www.tecnoimpianti-riccione.com\/it\/video-ristoranti\/\">\n\t\t\t\t\t\t<span class=\"elementor-button-content-wrapper\">\n\t\t\t\t\t\t\t\t\t<span class=\"elementor-button-text\">Scopri di Pi\u00f9<\/span>\n\t\t\t\t\t<\/span>\n\t\t\t\t\t<\/a>\n\t\t\t\t<\/div>\n\t\t\t\t\t\t\t\t<\/div>\n\t\t\t\t<\/div>\n\t\t\t\t<\/div>\n\t\t<div class=\"elementor-element elementor-element-1d248e5 e-con-full e-flex wpr-particle-no wpr-jarallax-no wpr-parallax-no wpr-sticky-section-no wpr-column-slider-no wpr-equal-height-no e-con e-child\" data-id=\"1d248e5\" data-element_type=\"container\" data-e-type=\"container\">\n\t\t\t\t<div class=\"elementor-element elementor-element-b284b13 elementor-widget elementor-widget-text-editor\" data-id=\"b284b13\" data-element_type=\"widget\" data-e-type=\"widget\" data-widget_type=\"text-editor.default\">\n\t\t\t\t<div class=\"elementor-widget-container\">\n\t\t\t\t\t\t\t\t\t<h3>Pescherie<\/h3>\t\t\t\t\t\t\t\t<\/div>\n\t\t\t\t<\/div>\n\t\t\t\t<div class=\"elementor-element elementor-element-03d70cc elementor-widget elementor-widget-image\" data-id=\"03d70cc\" data-element_type=\"widget\" data-e-type=\"widget\" data-widget_type=\"image.default\">\n\t\t\t\t<div class=\"elementor-widget-container\">\n\t\t\t\t\t\t\t\t\t\t\t\t\t\t\t<img decoding=\"async\" src=\"https:\/\/www.tecnoimpianti-riccione.com\/wp-content\/uploads\/elementor\/thumbs\/12-Pescheria-completa-r6gzf6821lh445bjfzfbu8c3p3mkmi2g54grykesgw.png\" title=\"12 Pescheria completa\" alt=\"12 Pescheria completa\" loading=\"lazy\" \/>\t\t\t\t\t\t\t\t\t\t\t\t\t\t\t<\/div>\n\t\t\t\t<\/div>\n\t\t\t\t<div class=\"elementor-element elementor-element-c8c8727 elementor-align-center elementor-widget elementor-widget-button\" data-id=\"c8c8727\" data-element_type=\"widget\" data-e-type=\"widget\" data-widget_type=\"button.default\">\n\t\t\t\t<div class=\"elementor-widget-container\">\n\t\t\t\t\t\t\t\t\t<div class=\"elementor-button-wrapper\">\n\t\t\t\t\t<a class=\"elementor-button elementor-button-link elementor-size-sm\" href=\"https:\/\/www.tecnoimpianti-riccione.com\/it\/video-pescherie\/\">\n\t\t\t\t\t\t<span class=\"elementor-button-content-wrapper\">\n\t\t\t\t\t\t\t\t\t<span class=\"elementor-button-text\">Scopri di Pi\u00f9<\/span>\n\t\t\t\t\t<\/span>\n\t\t\t\t\t<\/a>\n\t\t\t\t<\/div>\n\t\t\t\t\t\t\t\t<\/div>\n\t\t\t\t<\/div>\n\t\t\t\t<\/div>\n\t\t\t\t\t<\/div>\n\t\t\t\t<\/div>\n\t\t<div class=\"elementor-element elementor-element-db57930 e-grid e-con-boxed wpr-particle-no wpr-jarallax-no wpr-parallax-no wpr-sticky-section-no wpr-column-slider-no wpr-equal-height-no e-con e-parent\" data-id=\"db57930\" data-element_type=\"container\" data-e-type=\"container\">\n\t\t\t\t\t<div class=\"e-con-inner\">\n\t\t<div class=\"elementor-element elementor-element-3ef894d e-con-full e-flex wpr-particle-no wpr-jarallax-no wpr-parallax-no wpr-sticky-section-no wpr-column-slider-no wpr-equal-height-no e-con e-child\" data-id=\"3ef894d\" data-element_type=\"container\" data-e-type=\"container\">\n\t\t\t\t<div class=\"elementor-element elementor-element-e26ec40 elementor-widget elementor-widget-text-editor\" data-id=\"e26ec40\" data-element_type=\"widget\" data-e-type=\"widget\" data-widget_type=\"text-editor.default\">\n\t\t\t\t<div class=\"elementor-widget-container\">\n\t\t\t\t\t\t\t\t\t<h3>Depurazione<\/h3>\t\t\t\t\t\t\t\t<\/div>\n\t\t\t\t<\/div>\n\t\t\t\t<div class=\"elementor-element elementor-element-f0ad889 elementor-widget elementor-widget-image\" data-id=\"f0ad889\" data-element_type=\"widget\" data-e-type=\"widget\" data-widget_type=\"image.default\">\n\t\t\t\t<div class=\"elementor-widget-container\">\n\t\t\t\t\t\t\t\t\t\t\t\t\t\t\t<img decoding=\"async\" src=\"https:\/\/www.tecnoimpianti-riccione.com\/wp-content\/uploads\/elementor\/thumbs\/depurazione-mitili-rez6xcleoxz2pk3uhxduihbijzbzt7vrfby4xkmmjk.jpg\" title=\"depurazione mitili\" alt=\"depurazione mitili\" loading=\"lazy\" \/>\t\t\t\t\t\t\t\t\t\t\t\t\t\t\t<\/div>\n\t\t\t\t<\/div>\n\t\t\t\t<div class=\"elementor-element elementor-element-0db2762 elementor-align-center elementor-widget elementor-widget-button\" data-id=\"0db2762\" data-element_type=\"widget\" data-e-type=\"widget\" data-widget_type=\"button.default\">\n\t\t\t\t<div class=\"elementor-widget-container\">\n\t\t\t\t\t\t\t\t\t<div class=\"elementor-button-wrapper\">\n\t\t\t\t\t<a class=\"elementor-button elementor-button-link elementor-size-sm\" href=\"https:\/\/www.tecnoimpianti-riccione.com\/it\/video-depurazione\/\">\n\t\t\t\t\t\t<span class=\"elementor-button-content-wrapper\">\n\t\t\t\t\t\t\t\t\t<span class=\"elementor-button-text\">Scopri di Pi\u00f9<\/span>\n\t\t\t\t\t<\/span>\n\t\t\t\t\t<\/a>\n\t\t\t\t<\/div>\n\t\t\t\t\t\t\t\t<\/div>\n\t\t\t\t<\/div>\n\t\t\t\t<\/div>\n\t\t<div class=\"elementor-element elementor-element-6cff82d e-con-full e-flex wpr-particle-no wpr-jarallax-no wpr-parallax-no wpr-sticky-section-no wpr-column-slider-no wpr-equal-height-no e-con e-child\" data-id=\"6cff82d\" data-element_type=\"container\" data-e-type=\"container\">\n\t\t\t\t<div class=\"elementor-element elementor-element-27953d7 elementor-widget elementor-widget-text-editor\" data-id=\"27953d7\" data-element_type=\"widget\" data-e-type=\"widget\" data-widget_type=\"text-editor.default\">\n\t\t\t\t<div class=\"elementor-widget-container\">\n\t\t\t\t\t\t\t\t\t<h3>Grossisti<\/h3>\t\t\t\t\t\t\t\t<\/div>\n\t\t\t\t<\/div>\n\t\t\t\t<div class=\"elementor-element elementor-element-27dac09 elementor-widget elementor-widget-image\" data-id=\"27dac09\" data-element_type=\"widget\" data-e-type=\"widget\" data-widget_type=\"image.default\">\n\t\t\t\t<div class=\"elementor-widget-container\">\n\t\t\t\t\t\t\t\t\t\t\t\t\t\t\t<img decoding=\"async\" src=\"https:\/\/www.tecnoimpianti-riccione.com\/wp-content\/uploads\/elementor\/thumbs\/Impianto-per-crostacei-rez6sxqolxxm7gil9ipwb3em5v2yodd4hhp2tt65r4.jpg\" title=\"Impianto per crostacei\" alt=\"Impianto per crostacei\" loading=\"lazy\" \/>\t\t\t\t\t\t\t\t\t\t\t\t\t\t\t<\/div>\n\t\t\t\t<\/div>\n\t\t\t\t<div class=\"elementor-element elementor-element-c3d4eea elementor-align-center elementor-widget elementor-widget-button\" data-id=\"c3d4eea\" data-element_type=\"widget\" data-e-type=\"widget\" data-widget_type=\"button.default\">\n\t\t\t\t<div class=\"elementor-widget-container\">\n\t\t\t\t\t\t\t\t\t<div class=\"elementor-button-wrapper\">\n\t\t\t\t\t<a class=\"elementor-button elementor-button-link elementor-size-sm\" href=\"https:\/\/www.tecnoimpianti-riccione.com\/it\/video-grossisti\/\">\n\t\t\t\t\t\t<span class=\"elementor-button-content-wrapper\">\n\t\t\t\t\t\t\t\t\t<span class=\"elementor-button-text\">Scopri di Pi\u00f9<\/span>\n\t\t\t\t\t<\/span>\n\t\t\t\t\t<\/a>\n\t\t\t\t<\/div>\n\t\t\t\t\t\t\t\t<\/div>\n\t\t\t\t<\/div>\n\t\t\t\t<\/div>\n\t\t\t\t\t<\/div>\n\t\t\t\t<\/div>\n\t\t\t\t<\/div>\n\t\t","protected":false},"excerpt":{"rendered":"<p>Video Ristoranti Scopri di Pi\u00f9 Pescherie Scopri di Pi\u00f9 Depurazione Scopri di Pi\u00f9 Grossisti Scopri di Pi\u00f9<\/p>\n","protected":false},"author":1,"featured_media":0,"parent":0,"menu_order":0,"comment_status":"closed","ping_status":"closed","template":"","meta":{"footnotes":""},"class_list":["post-664","page","type-page","status-publish","hentry"],"yoast_head":"<!-- This site is optimized with the Yoast SEO plugin v27.5 - https:\/\/yoast.com\/product\/yoast-seo-wordpress\/ -->\n<title>Video - Tecnoimpianti Riccione<\/title>\n<meta name=\"robots\" content=\"index, follow, max-snippet:-1, max-image-preview:large, max-video-preview:-1\" \/>\n<link rel=\"canonical\" href=\"https:\/\/www.tecnoimpianti-riccione.com\/it\/video\/\" \/>\n<meta property=\"og:locale\" content=\"it_IT\" \/>\n<meta property=\"og:type\" content=\"article\" \/>\n<meta property=\"og:title\" content=\"Video - Tecnoimpianti Riccione\" \/>\n<meta property=\"og:description\" content=\"Video Ristoranti Scopri di Pi\u00f9 Pescherie Scopri di Pi\u00f9 Depurazione Scopri di Pi\u00f9 Grossisti Scopri di Pi\u00f9\" \/>\n<meta property=\"og:url\" content=\"https:\/\/www.tecnoimpianti-riccione.com\/it\/video\/\" \/>\n<meta property=\"og:site_name\" content=\"Tecnoimpianti Riccione\" \/>\n<meta property=\"article:modified_time\" content=\"2026-05-07T08:41:17+00:00\" \/>\n<meta property=\"og:image\" content=\"https:\/\/www.tecnoimpianti-riccione.com\/wp-content\/uploads\/elementor\/thumbs\/Ristoranti-rn3lkmyiago504lif5x43fajyd8lmpzitnpitdwxpc.jpg\" \/>\n<meta name=\"twitter:card\" content=\"summary_large_image\" \/>\n<meta name=\"twitter:label1\" content=\"Tempo di lettura stimato\" \/>\n\t<meta name=\"twitter:data1\" content=\"1 minuto\" \/>\n<script type=\"application\/ld+json\" class=\"yoast-schema-graph\">{\"@context\":\"https:\\\/\\\/schema.org\",\"@graph\":[{\"@type\":\"WebPage\",\"@id\":\"https:\\\/\\\/www.tecnoimpianti-riccione.com\\\/it\\\/video\\\/\",\"url\":\"https:\\\/\\\/www.tecnoimpianti-riccione.com\\\/it\\\/video\\\/\",\"name\":\"Video - Tecnoimpianti Riccione\",\"isPartOf\":{\"@id\":\"https:\\\/\\\/www.tecnoimpianti-riccione.com\\\/it\\\/#website\"},\"primaryImageOfPage\":{\"@id\":\"https:\\\/\\\/www.tecnoimpianti-riccione.com\\\/it\\\/video\\\/#primaryimage\"},\"image\":{\"@id\":\"https:\\\/\\\/www.tecnoimpianti-riccione.com\\\/it\\\/video\\\/#primaryimage\"},\"thumbnailUrl\":\"https:\\\/\\\/www.tecnoimpianti-riccione.com\\\/wp-content\\\/uploads\\\/elementor\\\/thumbs\\\/Ristoranti-rn3lkmyiago504lif5x43fajyd8lmpzitnpitdwxpc.jpg\",\"datePublished\":\"2025-02-28T15:08:53+00:00\",\"dateModified\":\"2026-05-07T08:41:17+00:00\",\"breadcrumb\":{\"@id\":\"https:\\\/\\\/www.tecnoimpianti-riccione.com\\\/it\\\/video\\\/#breadcrumb\"},\"inLanguage\":\"it-IT\",\"potentialAction\":[{\"@type\":\"ReadAction\",\"target\":[\"https:\\\/\\\/www.tecnoimpianti-riccione.com\\\/it\\\/video\\\/\"]}]},{\"@type\":\"ImageObject\",\"inLanguage\":\"it-IT\",\"@id\":\"https:\\\/\\\/www.tecnoimpianti-riccione.com\\\/it\\\/video\\\/#primaryimage\",\"url\":\"https:\\\/\\\/www.tecnoimpianti-riccione.com\\\/wp-content\\\/uploads\\\/elementor\\\/thumbs\\\/Ristoranti-rn3lkmyiago504lif5x43fajyd8lmpzitnpitdwxpc.jpg\",\"contentUrl\":\"https:\\\/\\\/www.tecnoimpianti-riccione.com\\\/wp-content\\\/uploads\\\/elementor\\\/thumbs\\\/Ristoranti-rn3lkmyiago504lif5x43fajyd8lmpzitnpitdwxpc.jpg\"},{\"@type\":\"BreadcrumbList\",\"@id\":\"https:\\\/\\\/www.tecnoimpianti-riccione.com\\\/it\\\/video\\\/#breadcrumb\",\"itemListElement\":[{\"@type\":\"ListItem\",\"position\":1,\"name\":\"Home\",\"item\":\"https:\\\/\\\/www.tecnoimpianti-riccione.com\\\/it\\\/\"},{\"@type\":\"ListItem\",\"position\":2,\"name\":\"Video\"}]},{\"@type\":\"WebSite\",\"@id\":\"https:\\\/\\\/www.tecnoimpianti-riccione.com\\\/it\\\/#website\",\"url\":\"https:\\\/\\\/www.tecnoimpianti-riccione.com\\\/it\\\/\",\"name\":\"Tecnoimpianti Riccione\",\"description\":\"\",\"publisher\":{\"@id\":\"https:\\\/\\\/www.tecnoimpianti-riccione.com\\\/it\\\/#organization\"},\"potentialAction\":[{\"@type\":\"SearchAction\",\"target\":{\"@type\":\"EntryPoint\",\"urlTemplate\":\"https:\\\/\\\/www.tecnoimpianti-riccione.com\\\/it\\\/?s={search_term_string}\"},\"query-input\":{\"@type\":\"PropertyValueSpecification\",\"valueRequired\":true,\"valueName\":\"search_term_string\"}}],\"inLanguage\":\"it-IT\"},{\"@type\":\"Organization\",\"@id\":\"https:\\\/\\\/www.tecnoimpianti-riccione.com\\\/it\\\/#organization\",\"name\":\"Tecnoimpianti Riccione\",\"url\":\"https:\\\/\\\/www.tecnoimpianti-riccione.com\\\/it\\\/\",\"logo\":{\"@type\":\"ImageObject\",\"inLanguage\":\"it-IT\",\"@id\":\"https:\\\/\\\/www.tecnoimpianti-riccione.com\\\/it\\\/#\\\/schema\\\/logo\\\/image\\\/\",\"url\":\"https:\\\/\\\/www.tecnoimpianti-riccione.com\\\/wp-content\\\/uploads\\\/2025\\\/02\\\/logo-30-blu.png\",\"contentUrl\":\"https:\\\/\\\/www.tecnoimpianti-riccione.com\\\/wp-content\\\/uploads\\\/2025\\\/02\\\/logo-30-blu.png\",\"width\":600,\"height\":207,\"caption\":\"Tecnoimpianti Riccione\"},\"image\":{\"@id\":\"https:\\\/\\\/www.tecnoimpianti-riccione.com\\\/it\\\/#\\\/schema\\\/logo\\\/image\\\/\"}}]}<\/script>\n<!-- \/ Yoast SEO plugin. -->","yoast_head_json":{"title":"Video - Tecnoimpianti Riccione","robots":{"index":"index","follow":"follow","max-snippet":"max-snippet:-1","max-image-preview":"max-image-preview:large","max-video-preview":"max-video-preview:-1"},"canonical":"https:\/\/www.tecnoimpianti-riccione.com\/it\/video\/","og_locale":"it_IT","og_type":"article","og_title":"Video - Tecnoimpianti Riccione","og_description":"Video Ristoranti Scopri di Pi\u00f9 Pescherie Scopri di Pi\u00f9 Depurazione Scopri di Pi\u00f9 Grossisti Scopri di Pi\u00f9","og_url":"https:\/\/www.tecnoimpianti-riccione.com\/it\/video\/","og_site_name":"Tecnoimpianti Riccione","article_modified_time":"2026-05-07T08:41:17+00:00","og_image":[{"url":"https:\/\/www.tecnoimpianti-riccione.com\/wp-content\/uploads\/elementor\/thumbs\/Ristoranti-rn3lkmyiago504lif5x43fajyd8lmpzitnpitdwxpc.jpg","type":"","width":"","height":""}],"twitter_card":"summary_large_image","twitter_misc":{"Tempo di lettura stimato":"1 minuto"},"schema":{"@context":"https:\/\/schema.org","@graph":[{"@type":"WebPage","@id":"https:\/\/www.tecnoimpianti-riccione.com\/it\/video\/","url":"https:\/\/www.tecnoimpianti-riccione.com\/it\/video\/","name":"Video - Tecnoimpianti Riccione","isPartOf":{"@id":"https:\/\/www.tecnoimpianti-riccione.com\/it\/#website"},"primaryImageOfPage":{"@id":"https:\/\/www.tecnoimpianti-riccione.com\/it\/video\/#primaryimage"},"image":{"@id":"https:\/\/www.tecnoimpianti-riccione.com\/it\/video\/#primaryimage"},"thumbnailUrl":"https:\/\/www.tecnoimpianti-riccione.com\/wp-content\/uploads\/elementor\/thumbs\/Ristoranti-rn3lkmyiago504lif5x43fajyd8lmpzitnpitdwxpc.jpg","datePublished":"2025-02-28T15:08:53+00:00","dateModified":"2026-05-07T08:41:17+00:00","breadcrumb":{"@id":"https:\/\/www.tecnoimpianti-riccione.com\/it\/video\/#breadcrumb"},"inLanguage":"it-IT","potentialAction":[{"@type":"ReadAction","target":["https:\/\/www.tecnoimpianti-riccione.com\/it\/video\/"]}]},{"@type":"ImageObject","inLanguage":"it-IT","@id":"https:\/\/www.tecnoimpianti-riccione.com\/it\/video\/#primaryimage","url":"https:\/\/www.tecnoimpianti-riccione.com\/wp-content\/uploads\/elementor\/thumbs\/Ristoranti-rn3lkmyiago504lif5x43fajyd8lmpzitnpitdwxpc.jpg","contentUrl":"https:\/\/www.tecnoimpianti-riccione.com\/wp-content\/uploads\/elementor\/thumbs\/Ristoranti-rn3lkmyiago504lif5x43fajyd8lmpzitnpitdwxpc.jpg"},{"@type":"BreadcrumbList","@id":"https:\/\/www.tecnoimpianti-riccione.com\/it\/video\/#breadcrumb","itemListElement":[{"@type":"ListItem","position":1,"name":"Home","item":"https:\/\/www.tecnoimpianti-riccione.com\/it\/"},{"@type":"ListItem","position":2,"name":"Video"}]},{"@type":"WebSite","@id":"https:\/\/www.tecnoimpianti-riccione.com\/it\/#website","url":"https:\/\/www.tecnoimpianti-riccione.com\/it\/","name":"Tecnoimpianti Riccione","description":"","publisher":{"@id":"https:\/\/www.tecnoimpianti-riccione.com\/it\/#organization"},"potentialAction":[{"@type":"SearchAction","target":{"@type":"EntryPoint","urlTemplate":"https:\/\/www.tecnoimpianti-riccione.com\/it\/?s={search_term_string}"},"query-input":{"@type":"PropertyValueSpecification","valueRequired":true,"valueName":"search_term_string"}}],"inLanguage":"it-IT"},{"@type":"Organization","@id":"https:\/\/www.tecnoimpianti-riccione.com\/it\/#organization","name":"Tecnoimpianti Riccione","url":"https:\/\/www.tecnoimpianti-riccione.com\/it\/","logo":{"@type":"ImageObject","inLanguage":"it-IT","@id":"https:\/\/www.tecnoimpianti-riccione.com\/it\/#\/schema\/logo\/image\/","url":"https:\/\/www.tecnoimpianti-riccione.com\/wp-content\/uploads\/2025\/02\/logo-30-blu.png","contentUrl":"https:\/\/www.tecnoimpianti-riccione.com\/wp-content\/uploads\/2025\/02\/logo-30-blu.png","width":600,"height":207,"caption":"Tecnoimpianti Riccione"},"image":{"@id":"https:\/\/www.tecnoimpianti-riccione.com\/it\/#\/schema\/logo\/image\/"}}]}},"_links":{"self":[{"href":"https:\/\/www.tecnoimpianti-riccione.com\/it\/wp-json\/wp\/v2\/pages\/664","targetHints":{"allow":["GET"]}}],"collection":[{"href":"https:\/\/www.tecnoimpianti-riccione.com\/it\/wp-json\/wp\/v2\/pages"}],"about":[{"href":"https:\/\/www.tecnoimpianti-riccione.com\/it\/wp-json\/wp\/v2\/types\/page"}],"author":[{"embeddable":true,"href":"https:\/\/www.tecnoimpianti-riccione.com\/it\/wp-json\/wp\/v2\/users\/1"}],"replies":[{"embeddable":true,"href":"https:\/\/www.tecnoimpianti-riccione.com\/it\/wp-json\/wp\/v2\/comments?post=664"}],"version-history":[{"count":32,"href":"https:\/\/www.tecnoimpianti-riccione.com\/it\/wp-json\/wp\/v2\/pages\/664\/revisions"}],"predecessor-version":[{"id":2259,"href":"https:\/\/www.tecnoimpianti-riccione.com\/it\/wp-json\/wp\/v2\/pages\/664\/revisions\/2259"}],"wp:attachment":[{"href":"https:\/\/www.tecnoimpianti-riccione.com\/it\/wp-json\/wp\/v2\/media?parent=664"}],"curies":[{"name":"wp","href":"https:\/\/api.w.org\/{rel}","templated":true}]}}