{"id":100,"date":"2025-02-25T15:36:10","date_gmt":"2025-02-25T14:36:10","guid":{"rendered":"http:\/\/tecnoimpianti-riccione.local\/?post_type=product&#038;p=100"},"modified":"2026-04-03T10:30:44","modified_gmt":"2026-04-03T08:30:44","slug":"tritone-vtr","status":"publish","type":"product","link":"https:\/\/www.tecnoimpianti-riccione.com\/it\/prodotto\/tritone-vtr\/","title":{"rendered":"Tritone VTR"},"content":{"rendered":"<p data-start=\"146\" data-end=\"203\"><strong data-start=\"146\" data-end=\"203\">Tritone in VTR \u2013 L\u2019alternativa che non teme confronti<\/strong><\/p>\n<p data-start=\"205\" data-end=\"370\">Tritone \u00e8 l\u2019impianto industriale per lo stoccaggio, il mantenimento e l\u2019esposizione di crostacei e pesci vivi, apprezzato dalla GDO, dai grossisti e dai ristoratori.<\/p>\n<p data-start=\"372\" data-end=\"530\">Un sistema capiente, elegante e funzionale, ideale per arredare con stile l\u2019area del vivo o la sala ristorazione, valorizzando al massimo il prodotto esposto.<\/p>\n<p data-start=\"532\" data-end=\"818\">Realizzato con scocca in VTR indeformabile, robusta e finemente rifinita, Tritone \u00e8 dotato di un display panoramico in vetro coibentato su frontale e lati, che garantisce massima visibilit\u00e0 e valorizza la vitalit\u00e0 del prodotto, ulteriormente esaltata da un sistema di illuminazione LED.<\/p>\n<p data-start=\"820\" data-end=\"972\">Dotato di tecnologie avanzate, Tritone riproduce fedelmente l\u2019habitat marino, mantenendo crostacei e pesci nelle migliori condizioni igienico-sanitarie.<\/p>\n<p data-start=\"974\" data-end=\"1116\">Facile da utilizzare e gestire, Tritone richiede una manutenzione minima, offre bassi costi di esercizio ed \u00e8 progettato per durare nel tempo.<\/p>\n<h3 data-start=\"1118\" data-end=\"1133\">Dimensioni disponibili :<\/h3>\n<ul>\n<li>2000 \u00d7 1200 \u00d7 1120 h<\/li>\n<li>2500 \u00d7 1200 \u00d7 1120 h<\/li>\n<li>3200 \u00d7 1200 \u00d7 1120 h<\/li>\n<\/ul>\n<h3>Optional<\/h3>\n<ul>\n<li>Colore scocca personalizzabile<\/li>\n<li>Unit\u00e0 di sterilizzazione UV<\/li>\n<\/ul>\n","protected":false},"excerpt":{"rendered":"<p class=\"ccm-page-list-description\">L&#8217;alternativa che non teme confronti<\/p>\n","protected":false},"featured_media":209,"template":"","meta":[],"product_brand":[],"product_cat":[17,24],"product_tag":[],"class_list":{"0":"post-100","1":"product","2":"type-product","3":"status-publish","4":"has-post-thumbnail","6":"product_cat-acquari-per-pescherie-e-ipermercati","7":"product_cat-impianti-di-stoccaggio-per-grossisti-e-importatori","9":"first","10":"instock","11":"product-type-simple"},"yoast_head":"<!-- This site is optimized with the Yoast SEO plugin v27.5 - https:\/\/yoast.com\/product\/yoast-seo-wordpress\/ -->\n<title>Tritone VTR - Tecnoimpianti Riccione<\/title>\n<meta name=\"robots\" content=\"index, follow, max-snippet:-1, max-image-preview:large, max-video-preview:-1\" \/>\n<link rel=\"canonical\" href=\"https:\/\/www.tecnoimpianti-riccione.com\/it\/product\/tritone-vtr\/\" \/>\n<meta property=\"og:locale\" content=\"it_IT\" \/>\n<meta property=\"og:type\" content=\"article\" \/>\n<meta property=\"og:title\" content=\"Tritone VTR - Tecnoimpianti Riccione\" \/>\n<meta property=\"og:description\" content=\"L&#039;alternativa che non teme confronti\" \/>\n<meta property=\"og:url\" content=\"https:\/\/www.tecnoimpianti-riccione.com\/it\/product\/tritone-vtr\/\" \/>\n<meta property=\"og:site_name\" content=\"Tecnoimpianti Riccione\" \/>\n<meta property=\"article:modified_time\" content=\"2026-04-03T08:30:44+00:00\" \/>\n<meta property=\"og:image\" content=\"https:\/\/www.tecnoimpianti-riccione.com\/wp-content\/uploads\/2025\/02\/TECNOIMPIANTI_catalogate-sito_ELENCO_0007s_0009_01_tritone_vtr.jpg\" \/>\n\t<meta property=\"og:image:width\" content=\"1080\" \/>\n\t<meta property=\"og:image:height\" content=\"1080\" \/>\n\t<meta property=\"og:image:type\" content=\"image\/jpeg\" \/>\n<meta name=\"twitter:card\" content=\"summary_large_image\" \/>\n<meta name=\"twitter:label1\" content=\"Tempo di lettura stimato\" \/>\n\t<meta name=\"twitter:data1\" content=\"2 minuti\" \/>\n<script type=\"application\/ld+json\" class=\"yoast-schema-graph\">{\"@context\":\"https:\\\/\\\/schema.org\",\"@graph\":[{\"@type\":\"WebPage\",\"@id\":\"https:\\\/\\\/www.tecnoimpianti-riccione.com\\\/it\\\/en\\\/product\\\/tritone-vtr\\\/\",\"url\":\"https:\\\/\\\/www.tecnoimpianti-riccione.com\\\/it\\\/en\\\/product\\\/tritone-vtr\\\/\",\"name\":\"Tritone VTR - Tecnoimpianti Riccione\",\"isPartOf\":{\"@id\":\"https:\\\/\\\/www.tecnoimpianti-riccione.com\\\/it\\\/#website\"},\"primaryImageOfPage\":{\"@id\":\"https:\\\/\\\/www.tecnoimpianti-riccione.com\\\/it\\\/en\\\/product\\\/tritone-vtr\\\/#primaryimage\"},\"image\":{\"@id\":\"https:\\\/\\\/www.tecnoimpianti-riccione.com\\\/it\\\/en\\\/product\\\/tritone-vtr\\\/#primaryimage\"},\"thumbnailUrl\":\"https:\\\/\\\/www.tecnoimpianti-riccione.com\\\/wp-content\\\/uploads\\\/2025\\\/02\\\/TECNOIMPIANTI_catalogate-sito_ELENCO_0007s_0009_01_tritone_vtr.jpg\",\"datePublished\":\"2025-02-25T14:36:10+00:00\",\"dateModified\":\"2026-04-03T08:30:44+00:00\",\"breadcrumb\":{\"@id\":\"https:\\\/\\\/www.tecnoimpianti-riccione.com\\\/it\\\/en\\\/product\\\/tritone-vtr\\\/#breadcrumb\"},\"inLanguage\":\"it-IT\",\"potentialAction\":[{\"@type\":\"ReadAction\",\"target\":[\"https:\\\/\\\/www.tecnoimpianti-riccione.com\\\/it\\\/en\\\/product\\\/tritone-vtr\\\/\"]}]},{\"@type\":\"ImageObject\",\"inLanguage\":\"it-IT\",\"@id\":\"https:\\\/\\\/www.tecnoimpianti-riccione.com\\\/it\\\/en\\\/product\\\/tritone-vtr\\\/#primaryimage\",\"url\":\"https:\\\/\\\/www.tecnoimpianti-riccione.com\\\/wp-content\\\/uploads\\\/2025\\\/02\\\/TECNOIMPIANTI_catalogate-sito_ELENCO_0007s_0009_01_tritone_vtr.jpg\",\"contentUrl\":\"https:\\\/\\\/www.tecnoimpianti-riccione.com\\\/wp-content\\\/uploads\\\/2025\\\/02\\\/TECNOIMPIANTI_catalogate-sito_ELENCO_0007s_0009_01_tritone_vtr.jpg\",\"width\":1080,\"height\":1080},{\"@type\":\"BreadcrumbList\",\"@id\":\"https:\\\/\\\/www.tecnoimpianti-riccione.com\\\/it\\\/en\\\/product\\\/tritone-vtr\\\/#breadcrumb\",\"itemListElement\":[{\"@type\":\"ListItem\",\"position\":1,\"name\":\"Home\",\"item\":\"https:\\\/\\\/www.tecnoimpianti-riccione.com\\\/it\\\/\"},{\"@type\":\"ListItem\",\"position\":2,\"name\":\"Shop\",\"item\":\"https:\\\/\\\/www.tecnoimpianti-riccione.com\\\/it\\\/negozio\\\/\"},{\"@type\":\"ListItem\",\"position\":3,\"name\":\"Tritone VTR\"}]},{\"@type\":\"WebSite\",\"@id\":\"https:\\\/\\\/www.tecnoimpianti-riccione.com\\\/it\\\/#website\",\"url\":\"https:\\\/\\\/www.tecnoimpianti-riccione.com\\\/it\\\/\",\"name\":\"Tecnoimpianti Riccione\",\"description\":\"\",\"publisher\":{\"@id\":\"https:\\\/\\\/www.tecnoimpianti-riccione.com\\\/it\\\/#organization\"},\"potentialAction\":[{\"@type\":\"SearchAction\",\"target\":{\"@type\":\"EntryPoint\",\"urlTemplate\":\"https:\\\/\\\/www.tecnoimpianti-riccione.com\\\/it\\\/?s={search_term_string}\"},\"query-input\":{\"@type\":\"PropertyValueSpecification\",\"valueRequired\":true,\"valueName\":\"search_term_string\"}}],\"inLanguage\":\"it-IT\"},{\"@type\":\"Organization\",\"@id\":\"https:\\\/\\\/www.tecnoimpianti-riccione.com\\\/it\\\/#organization\",\"name\":\"Tecnoimpianti Riccione\",\"url\":\"https:\\\/\\\/www.tecnoimpianti-riccione.com\\\/it\\\/\",\"logo\":{\"@type\":\"ImageObject\",\"inLanguage\":\"it-IT\",\"@id\":\"https:\\\/\\\/www.tecnoimpianti-riccione.com\\\/it\\\/#\\\/schema\\\/logo\\\/image\\\/\",\"url\":\"https:\\\/\\\/www.tecnoimpianti-riccione.com\\\/wp-content\\\/uploads\\\/2025\\\/02\\\/logo-30-blu.png\",\"contentUrl\":\"https:\\\/\\\/www.tecnoimpianti-riccione.com\\\/wp-content\\\/uploads\\\/2025\\\/02\\\/logo-30-blu.png\",\"width\":600,\"height\":207,\"caption\":\"Tecnoimpianti Riccione\"},\"image\":{\"@id\":\"https:\\\/\\\/www.tecnoimpianti-riccione.com\\\/it\\\/#\\\/schema\\\/logo\\\/image\\\/\"}}]}<\/script>\n<!-- \/ Yoast SEO plugin. -->","yoast_head_json":{"title":"Tritone VTR - Tecnoimpianti Riccione","robots":{"index":"index","follow":"follow","max-snippet":"max-snippet:-1","max-image-preview":"max-image-preview:large","max-video-preview":"max-video-preview:-1"},"canonical":"https:\/\/www.tecnoimpianti-riccione.com\/it\/product\/tritone-vtr\/","og_locale":"it_IT","og_type":"article","og_title":"Tritone VTR - Tecnoimpianti Riccione","og_description":"L'alternativa che non teme confronti","og_url":"https:\/\/www.tecnoimpianti-riccione.com\/it\/product\/tritone-vtr\/","og_site_name":"Tecnoimpianti Riccione","article_modified_time":"2026-04-03T08:30:44+00:00","og_image":[{"width":1080,"height":1080,"url":"https:\/\/www.tecnoimpianti-riccione.com\/wp-content\/uploads\/2025\/02\/TECNOIMPIANTI_catalogate-sito_ELENCO_0007s_0009_01_tritone_vtr.jpg","type":"image\/jpeg"}],"twitter_card":"summary_large_image","twitter_misc":{"Tempo di lettura stimato":"2 minuti"},"schema":{"@context":"https:\/\/schema.org","@graph":[{"@type":"WebPage","@id":"https:\/\/www.tecnoimpianti-riccione.com\/it\/en\/product\/tritone-vtr\/","url":"https:\/\/www.tecnoimpianti-riccione.com\/it\/en\/product\/tritone-vtr\/","name":"Tritone VTR - Tecnoimpianti Riccione","isPartOf":{"@id":"https:\/\/www.tecnoimpianti-riccione.com\/it\/#website"},"primaryImageOfPage":{"@id":"https:\/\/www.tecnoimpianti-riccione.com\/it\/en\/product\/tritone-vtr\/#primaryimage"},"image":{"@id":"https:\/\/www.tecnoimpianti-riccione.com\/it\/en\/product\/tritone-vtr\/#primaryimage"},"thumbnailUrl":"https:\/\/www.tecnoimpianti-riccione.com\/wp-content\/uploads\/2025\/02\/TECNOIMPIANTI_catalogate-sito_ELENCO_0007s_0009_01_tritone_vtr.jpg","datePublished":"2025-02-25T14:36:10+00:00","dateModified":"2026-04-03T08:30:44+00:00","breadcrumb":{"@id":"https:\/\/www.tecnoimpianti-riccione.com\/it\/en\/product\/tritone-vtr\/#breadcrumb"},"inLanguage":"it-IT","potentialAction":[{"@type":"ReadAction","target":["https:\/\/www.tecnoimpianti-riccione.com\/it\/en\/product\/tritone-vtr\/"]}]},{"@type":"ImageObject","inLanguage":"it-IT","@id":"https:\/\/www.tecnoimpianti-riccione.com\/it\/en\/product\/tritone-vtr\/#primaryimage","url":"https:\/\/www.tecnoimpianti-riccione.com\/wp-content\/uploads\/2025\/02\/TECNOIMPIANTI_catalogate-sito_ELENCO_0007s_0009_01_tritone_vtr.jpg","contentUrl":"https:\/\/www.tecnoimpianti-riccione.com\/wp-content\/uploads\/2025\/02\/TECNOIMPIANTI_catalogate-sito_ELENCO_0007s_0009_01_tritone_vtr.jpg","width":1080,"height":1080},{"@type":"BreadcrumbList","@id":"https:\/\/www.tecnoimpianti-riccione.com\/it\/en\/product\/tritone-vtr\/#breadcrumb","itemListElement":[{"@type":"ListItem","position":1,"name":"Home","item":"https:\/\/www.tecnoimpianti-riccione.com\/it\/"},{"@type":"ListItem","position":2,"name":"Shop","item":"https:\/\/www.tecnoimpianti-riccione.com\/it\/negozio\/"},{"@type":"ListItem","position":3,"name":"Tritone VTR"}]},{"@type":"WebSite","@id":"https:\/\/www.tecnoimpianti-riccione.com\/it\/#website","url":"https:\/\/www.tecnoimpianti-riccione.com\/it\/","name":"Tecnoimpianti Riccione","description":"","publisher":{"@id":"https:\/\/www.tecnoimpianti-riccione.com\/it\/#organization"},"potentialAction":[{"@type":"SearchAction","target":{"@type":"EntryPoint","urlTemplate":"https:\/\/www.tecnoimpianti-riccione.com\/it\/?s={search_term_string}"},"query-input":{"@type":"PropertyValueSpecification","valueRequired":true,"valueName":"search_term_string"}}],"inLanguage":"it-IT"},{"@type":"Organization","@id":"https:\/\/www.tecnoimpianti-riccione.com\/it\/#organization","name":"Tecnoimpianti Riccione","url":"https:\/\/www.tecnoimpianti-riccione.com\/it\/","logo":{"@type":"ImageObject","inLanguage":"it-IT","@id":"https:\/\/www.tecnoimpianti-riccione.com\/it\/#\/schema\/logo\/image\/","url":"https:\/\/www.tecnoimpianti-riccione.com\/wp-content\/uploads\/2025\/02\/logo-30-blu.png","contentUrl":"https:\/\/www.tecnoimpianti-riccione.com\/wp-content\/uploads\/2025\/02\/logo-30-blu.png","width":600,"height":207,"caption":"Tecnoimpianti Riccione"},"image":{"@id":"https:\/\/www.tecnoimpianti-riccione.com\/it\/#\/schema\/logo\/image\/"}}]}},"_links":{"self":[{"href":"https:\/\/www.tecnoimpianti-riccione.com\/it\/wp-json\/wp\/v2\/product\/100","targetHints":{"allow":["GET"]}}],"collection":[{"href":"https:\/\/www.tecnoimpianti-riccione.com\/it\/wp-json\/wp\/v2\/product"}],"about":[{"href":"https:\/\/www.tecnoimpianti-riccione.com\/it\/wp-json\/wp\/v2\/types\/product"}],"wp:featuredmedia":[{"embeddable":true,"href":"https:\/\/www.tecnoimpianti-riccione.com\/it\/wp-json\/wp\/v2\/media\/209"}],"wp:attachment":[{"href":"https:\/\/www.tecnoimpianti-riccione.com\/it\/wp-json\/wp\/v2\/media?parent=100"}],"wp:term":[{"taxonomy":"product_brand","embeddable":true,"href":"https:\/\/www.tecnoimpianti-riccione.com\/it\/wp-json\/wp\/v2\/product_brand?post=100"},{"taxonomy":"product_cat","embeddable":true,"href":"https:\/\/www.tecnoimpianti-riccione.com\/it\/wp-json\/wp\/v2\/product_cat?post=100"},{"taxonomy":"product_tag","embeddable":true,"href":"https:\/\/www.tecnoimpianti-riccione.com\/it\/wp-json\/wp\/v2\/product_tag?post=100"}],"curies":[{"name":"wp","href":"https:\/\/api.w.org\/{rel}","templated":true}]}}