{"id":20,"date":"2025-02-25T15:35:14","date_gmt":"2025-02-25T14:35:14","guid":{"rendered":"http:\/\/tecnoimpianti-riccione.local\/?post_type=product&#038;p=20"},"modified":"2026-04-22T14:54:49","modified_gmt":"2026-04-22T12:54:49","slug":"blu-line","status":"publish","type":"product","link":"https:\/\/www.tecnoimpianti-riccione.com\/it\/prodotto\/blu-line\/","title":{"rendered":"Blu Line"},"content":{"rendered":"<p data-start=\"268\" data-end=\"313\"><strong data-start=\"268\" data-end=\"313\">Il mare a portata di mano: in Bella Vista<\/strong><\/p>\n<p data-start=\"315\" data-end=\"481\">Molluschi appena pescati, vivi e vitali, in bella vista nel loro habitat marino, riprodotto in vasca, con ossigenazione scenografica dal basso, omogenea e silenziosa.<\/p>\n<p data-start=\"483\" data-end=\"813\">\u00c8 il nuovo acquario Blue Line: design e tecnologia Made in Italy per valorizzare al massimo freschezza, qualit\u00e0 e profumo del prodotto, mantenendo inalterate le caratteristiche organolettiche dei molluschi in vasca. L\u2019esposizione \u00e8 diversificabile grazie alla vasca in vetro camera, suddivisa in scomparti separati e indipendenti.<\/p>\n<p data-start=\"815\" data-end=\"1017\">Con un suggestivo effetto visivo, l\u2019ossigenazione dell\u2019acqua attraversa i molluschi dal basso, purificandoli, per poi affiorare in superficie e tracimare nel canale di raccolta dell\u2019\u201cacqua da trattare\u201d.<\/p>\n<p data-start=\"1019\" data-end=\"1215\">L\u2019acqua attraversa quindi le stazioni di prefiltraggio, filtraggio, sterilizzazione e raffreddamento, tornando cos\u00ec perfetta per un nuovo ciclo di purificazione e rifinitura dei molluschi esposti.<\/p>\n<p data-start=\"1217\" data-end=\"1477\">La tecnologia Blue Line garantisce bassi consumi energetici, facilit\u00e0 di gestione e minima manutenzione. Si adatta alle pi\u00f9 diverse esigenze commerciali: \u00e8 infatti personalizzabile nel colore del vetro, nei rivestimenti, nelle dimensioni e nel numero dei vani.<\/p>\n<p data-start=\"1479\" data-end=\"1606\">Ogni dettaglio \u00e8 pensato per valorizzare al meglio il prodotto, come le luci a LED integrate nel canale di raccolta dell\u2019acqua.<\/p>\n<p data-start=\"1608\" data-end=\"1685\">E il mare \u00e8 davvero a portata di mano. Davanti agli occhi dei vostri clienti.<\/p>\n<h3><strong>Versione standard:<\/strong><\/h3>\n<p>Dimensioni: mm 1800x800x1020h<\/p>\n<p>Voltaggio: 220 v<\/p>\n<h3><strong>Optional<\/strong><\/h3>\n<ul>\n<li>Dimensioni personalizzabili su richiesta<\/li>\n<li>Rivestimento esterno personalizzabile:\n<ul>\n<li>Acciaio inox AISI 316 satinato<\/li>\n<li>Laminato<\/li>\n<li>Okite o materiali equivalenti<\/li>\n<\/ul>\n<\/li>\n<li>Configurazione vasca espositiva:\n<ul>\n<li>A vani (per esposizione di molluschi sfusi)<\/li>\n<li>Senza vani (per esposizione di molluschi in cassette)<\/li>\n<\/ul>\n<\/li>\n<\/ul>\n<p>E\u2019 necessaria l\u2019autorizzazione sanitaria all\u2019immissione dei molluschi in vasca.<\/p>\n","protected":false},"excerpt":{"rendered":"<p class=\"ccm-page-list-description\">Il mare a portata di mano: in bella vista.<\/p>\n","protected":false},"featured_media":1938,"template":"","meta":[],"product_brand":[],"product_cat":[50,17,18],"product_tag":[],"class_list":{"0":"post-20","1":"product","2":"type-product","3":"status-publish","4":"has-post-thumbnail","6":"product_cat-acquari-in-acciaio","7":"product_cat-acquari-per-pescherie-e-ipermercati","8":"product_cat-acquari-per-ristoranti","10":"first","11":"instock","12":"product-type-simple"},"yoast_head":"<!-- This site is optimized with the Yoast SEO plugin v27.5 - https:\/\/yoast.com\/product\/yoast-seo-wordpress\/ -->\n<title>Blu Line - Tecnoimpianti Riccione<\/title>\n<meta name=\"robots\" content=\"index, follow, max-snippet:-1, max-image-preview:large, max-video-preview:-1\" \/>\n<link rel=\"canonical\" href=\"https:\/\/www.tecnoimpianti-riccione.com\/it\/prodotto\/blu-line\/\" \/>\n<meta property=\"og:locale\" content=\"it_IT\" \/>\n<meta property=\"og:type\" content=\"article\" \/>\n<meta property=\"og:title\" content=\"Blu Line - Tecnoimpianti Riccione\" \/>\n<meta property=\"og:description\" content=\"Il mare a portata di mano: in bella vista.\" \/>\n<meta property=\"og:url\" content=\"https:\/\/www.tecnoimpianti-riccione.com\/it\/prodotto\/blu-line\/\" \/>\n<meta property=\"og:site_name\" content=\"Tecnoimpianti Riccione\" \/>\n<meta property=\"article:modified_time\" content=\"2026-04-22T12:54:49+00:00\" \/>\n<meta property=\"og:image\" content=\"https:\/\/www.tecnoimpianti-riccione.com\/wp-content\/uploads\/2025\/02\/Blu-Line-180x80-2.jpg\" \/>\n\t<meta property=\"og:image:width\" content=\"699\" \/>\n\t<meta property=\"og:image:height\" content=\"702\" \/>\n\t<meta property=\"og:image:type\" content=\"image\/jpeg\" \/>\n<meta name=\"twitter:card\" content=\"summary_large_image\" \/>\n<meta name=\"twitter:label1\" content=\"Tempo di lettura stimato\" \/>\n\t<meta name=\"twitter:data1\" content=\"2 minuti\" \/>\n<script type=\"application\/ld+json\" class=\"yoast-schema-graph\">{\"@context\":\"https:\\\/\\\/schema.org\",\"@graph\":[{\"@type\":\"WebPage\",\"@id\":\"https:\\\/\\\/www.tecnoimpianti-riccione.com\\\/it\\\/prodotto\\\/blu-line\\\/\",\"url\":\"https:\\\/\\\/www.tecnoimpianti-riccione.com\\\/it\\\/prodotto\\\/blu-line\\\/\",\"name\":\"Blu Line - Tecnoimpianti Riccione\",\"isPartOf\":{\"@id\":\"https:\\\/\\\/www.tecnoimpianti-riccione.com\\\/it\\\/#website\"},\"primaryImageOfPage\":{\"@id\":\"https:\\\/\\\/www.tecnoimpianti-riccione.com\\\/it\\\/prodotto\\\/blu-line\\\/#primaryimage\"},\"image\":{\"@id\":\"https:\\\/\\\/www.tecnoimpianti-riccione.com\\\/it\\\/prodotto\\\/blu-line\\\/#primaryimage\"},\"thumbnailUrl\":\"https:\\\/\\\/www.tecnoimpianti-riccione.com\\\/wp-content\\\/uploads\\\/2025\\\/02\\\/Blu-Line-180x80-2.jpg\",\"datePublished\":\"2025-02-25T14:35:14+00:00\",\"dateModified\":\"2026-04-22T12:54:49+00:00\",\"breadcrumb\":{\"@id\":\"https:\\\/\\\/www.tecnoimpianti-riccione.com\\\/it\\\/prodotto\\\/blu-line\\\/#breadcrumb\"},\"inLanguage\":\"it-IT\",\"potentialAction\":[{\"@type\":\"ReadAction\",\"target\":[\"https:\\\/\\\/www.tecnoimpianti-riccione.com\\\/it\\\/prodotto\\\/blu-line\\\/\"]}]},{\"@type\":\"ImageObject\",\"inLanguage\":\"it-IT\",\"@id\":\"https:\\\/\\\/www.tecnoimpianti-riccione.com\\\/it\\\/prodotto\\\/blu-line\\\/#primaryimage\",\"url\":\"https:\\\/\\\/www.tecnoimpianti-riccione.com\\\/wp-content\\\/uploads\\\/2025\\\/02\\\/Blu-Line-180x80-2.jpg\",\"contentUrl\":\"https:\\\/\\\/www.tecnoimpianti-riccione.com\\\/wp-content\\\/uploads\\\/2025\\\/02\\\/Blu-Line-180x80-2.jpg\",\"width\":699,\"height\":702},{\"@type\":\"BreadcrumbList\",\"@id\":\"https:\\\/\\\/www.tecnoimpianti-riccione.com\\\/it\\\/prodotto\\\/blu-line\\\/#breadcrumb\",\"itemListElement\":[{\"@type\":\"ListItem\",\"position\":1,\"name\":\"Home\",\"item\":\"https:\\\/\\\/www.tecnoimpianti-riccione.com\\\/it\\\/\"},{\"@type\":\"ListItem\",\"position\":2,\"name\":\"Shop\",\"item\":\"https:\\\/\\\/www.tecnoimpianti-riccione.com\\\/it\\\/negozio\\\/\"},{\"@type\":\"ListItem\",\"position\":3,\"name\":\"Blu Line\"}]},{\"@type\":\"WebSite\",\"@id\":\"https:\\\/\\\/www.tecnoimpianti-riccione.com\\\/it\\\/#website\",\"url\":\"https:\\\/\\\/www.tecnoimpianti-riccione.com\\\/it\\\/\",\"name\":\"Tecnoimpianti Riccione\",\"description\":\"\",\"publisher\":{\"@id\":\"https:\\\/\\\/www.tecnoimpianti-riccione.com\\\/it\\\/#organization\"},\"potentialAction\":[{\"@type\":\"SearchAction\",\"target\":{\"@type\":\"EntryPoint\",\"urlTemplate\":\"https:\\\/\\\/www.tecnoimpianti-riccione.com\\\/it\\\/?s={search_term_string}\"},\"query-input\":{\"@type\":\"PropertyValueSpecification\",\"valueRequired\":true,\"valueName\":\"search_term_string\"}}],\"inLanguage\":\"it-IT\"},{\"@type\":\"Organization\",\"@id\":\"https:\\\/\\\/www.tecnoimpianti-riccione.com\\\/it\\\/#organization\",\"name\":\"Tecnoimpianti Riccione\",\"url\":\"https:\\\/\\\/www.tecnoimpianti-riccione.com\\\/it\\\/\",\"logo\":{\"@type\":\"ImageObject\",\"inLanguage\":\"it-IT\",\"@id\":\"https:\\\/\\\/www.tecnoimpianti-riccione.com\\\/it\\\/#\\\/schema\\\/logo\\\/image\\\/\",\"url\":\"https:\\\/\\\/www.tecnoimpianti-riccione.com\\\/wp-content\\\/uploads\\\/2025\\\/02\\\/logo-30-blu.png\",\"contentUrl\":\"https:\\\/\\\/www.tecnoimpianti-riccione.com\\\/wp-content\\\/uploads\\\/2025\\\/02\\\/logo-30-blu.png\",\"width\":600,\"height\":207,\"caption\":\"Tecnoimpianti Riccione\"},\"image\":{\"@id\":\"https:\\\/\\\/www.tecnoimpianti-riccione.com\\\/it\\\/#\\\/schema\\\/logo\\\/image\\\/\"}}]}<\/script>\n<!-- \/ Yoast SEO plugin. -->","yoast_head_json":{"title":"Blu Line - Tecnoimpianti Riccione","robots":{"index":"index","follow":"follow","max-snippet":"max-snippet:-1","max-image-preview":"max-image-preview:large","max-video-preview":"max-video-preview:-1"},"canonical":"https:\/\/www.tecnoimpianti-riccione.com\/it\/prodotto\/blu-line\/","og_locale":"it_IT","og_type":"article","og_title":"Blu Line - Tecnoimpianti Riccione","og_description":"Il mare a portata di mano: in bella vista.","og_url":"https:\/\/www.tecnoimpianti-riccione.com\/it\/prodotto\/blu-line\/","og_site_name":"Tecnoimpianti Riccione","article_modified_time":"2026-04-22T12:54:49+00:00","og_image":[{"width":699,"height":702,"url":"https:\/\/www.tecnoimpianti-riccione.com\/wp-content\/uploads\/2025\/02\/Blu-Line-180x80-2.jpg","type":"image\/jpeg"}],"twitter_card":"summary_large_image","twitter_misc":{"Tempo di lettura stimato":"2 minuti"},"schema":{"@context":"https:\/\/schema.org","@graph":[{"@type":"WebPage","@id":"https:\/\/www.tecnoimpianti-riccione.com\/it\/prodotto\/blu-line\/","url":"https:\/\/www.tecnoimpianti-riccione.com\/it\/prodotto\/blu-line\/","name":"Blu Line - Tecnoimpianti Riccione","isPartOf":{"@id":"https:\/\/www.tecnoimpianti-riccione.com\/it\/#website"},"primaryImageOfPage":{"@id":"https:\/\/www.tecnoimpianti-riccione.com\/it\/prodotto\/blu-line\/#primaryimage"},"image":{"@id":"https:\/\/www.tecnoimpianti-riccione.com\/it\/prodotto\/blu-line\/#primaryimage"},"thumbnailUrl":"https:\/\/www.tecnoimpianti-riccione.com\/wp-content\/uploads\/2025\/02\/Blu-Line-180x80-2.jpg","datePublished":"2025-02-25T14:35:14+00:00","dateModified":"2026-04-22T12:54:49+00:00","breadcrumb":{"@id":"https:\/\/www.tecnoimpianti-riccione.com\/it\/prodotto\/blu-line\/#breadcrumb"},"inLanguage":"it-IT","potentialAction":[{"@type":"ReadAction","target":["https:\/\/www.tecnoimpianti-riccione.com\/it\/prodotto\/blu-line\/"]}]},{"@type":"ImageObject","inLanguage":"it-IT","@id":"https:\/\/www.tecnoimpianti-riccione.com\/it\/prodotto\/blu-line\/#primaryimage","url":"https:\/\/www.tecnoimpianti-riccione.com\/wp-content\/uploads\/2025\/02\/Blu-Line-180x80-2.jpg","contentUrl":"https:\/\/www.tecnoimpianti-riccione.com\/wp-content\/uploads\/2025\/02\/Blu-Line-180x80-2.jpg","width":699,"height":702},{"@type":"BreadcrumbList","@id":"https:\/\/www.tecnoimpianti-riccione.com\/it\/prodotto\/blu-line\/#breadcrumb","itemListElement":[{"@type":"ListItem","position":1,"name":"Home","item":"https:\/\/www.tecnoimpianti-riccione.com\/it\/"},{"@type":"ListItem","position":2,"name":"Shop","item":"https:\/\/www.tecnoimpianti-riccione.com\/it\/negozio\/"},{"@type":"ListItem","position":3,"name":"Blu Line"}]},{"@type":"WebSite","@id":"https:\/\/www.tecnoimpianti-riccione.com\/it\/#website","url":"https:\/\/www.tecnoimpianti-riccione.com\/it\/","name":"Tecnoimpianti Riccione","description":"","publisher":{"@id":"https:\/\/www.tecnoimpianti-riccione.com\/it\/#organization"},"potentialAction":[{"@type":"SearchAction","target":{"@type":"EntryPoint","urlTemplate":"https:\/\/www.tecnoimpianti-riccione.com\/it\/?s={search_term_string}"},"query-input":{"@type":"PropertyValueSpecification","valueRequired":true,"valueName":"search_term_string"}}],"inLanguage":"it-IT"},{"@type":"Organization","@id":"https:\/\/www.tecnoimpianti-riccione.com\/it\/#organization","name":"Tecnoimpianti Riccione","url":"https:\/\/www.tecnoimpianti-riccione.com\/it\/","logo":{"@type":"ImageObject","inLanguage":"it-IT","@id":"https:\/\/www.tecnoimpianti-riccione.com\/it\/#\/schema\/logo\/image\/","url":"https:\/\/www.tecnoimpianti-riccione.com\/wp-content\/uploads\/2025\/02\/logo-30-blu.png","contentUrl":"https:\/\/www.tecnoimpianti-riccione.com\/wp-content\/uploads\/2025\/02\/logo-30-blu.png","width":600,"height":207,"caption":"Tecnoimpianti Riccione"},"image":{"@id":"https:\/\/www.tecnoimpianti-riccione.com\/it\/#\/schema\/logo\/image\/"}}]}},"_links":{"self":[{"href":"https:\/\/www.tecnoimpianti-riccione.com\/it\/wp-json\/wp\/v2\/product\/20","targetHints":{"allow":["GET"]}}],"collection":[{"href":"https:\/\/www.tecnoimpianti-riccione.com\/it\/wp-json\/wp\/v2\/product"}],"about":[{"href":"https:\/\/www.tecnoimpianti-riccione.com\/it\/wp-json\/wp\/v2\/types\/product"}],"wp:featuredmedia":[{"embeddable":true,"href":"https:\/\/www.tecnoimpianti-riccione.com\/it\/wp-json\/wp\/v2\/media\/1938"}],"wp:attachment":[{"href":"https:\/\/www.tecnoimpianti-riccione.com\/it\/wp-json\/wp\/v2\/media?parent=20"}],"wp:term":[{"taxonomy":"product_brand","embeddable":true,"href":"https:\/\/www.tecnoimpianti-riccione.com\/it\/wp-json\/wp\/v2\/product_brand?post=20"},{"taxonomy":"product_cat","embeddable":true,"href":"https:\/\/www.tecnoimpianti-riccione.com\/it\/wp-json\/wp\/v2\/product_cat?post=20"},{"taxonomy":"product_tag","embeddable":true,"href":"https:\/\/www.tecnoimpianti-riccione.com\/it\/wp-json\/wp\/v2\/product_tag?post=20"}],"curies":[{"name":"wp","href":"https:\/\/api.w.org\/{rel}","templated":true}]}}